{"id":19490,"date":"2025-08-04T16:02:42","date_gmt":"2025-08-04T14:02:42","guid":{"rendered":"https:\/\/pslzero6.net\/product\/rivista-infanzia-abbonamento-annuale-professional\/"},"modified":"2026-03-18T14:46:40","modified_gmt":"2026-03-18T13:46:40","slug":"rivista-infanzia-abbonamento-annuale-professional","status":"publish","type":"product","link":"https:\/\/pslzero6.net\/pt-br\/produto\/rivista-infanzia-abbonamento-annuale-professional\/","title":{"rendered":"Infanzia Magazine \u2013 Assinatura Anual Profissional"},"content":{"rendered":"<p align=\"justify\">H\u00e1 quarenta anos, a *Bambini* tem sido a revista de refer\u00eancia para aqueles envolvidos na <strong>educa\u00e7\u00e3o infantil (0 a 6 anos)<\/strong>. Ela representa a diversidade de profissionais dedicados ao universo da primeira inf\u00e2ncia \u2014 de educadores de ber\u00e7\u00e1rio e professores de pr\u00e9-escola a professores universit\u00e1rios e pesquisadores \u2014, reunindo contribui\u00e7\u00f5es e reflex\u00f5es de diversas disciplinas, apresentando as pesquisas mais recentes na \u00e1rea educacional e compartilhando experi\u00eancias de ber\u00e7\u00e1rios e pr\u00e9-escolas locais.<\/p>\n<p align=\"justify\">A assinatura individual, no \u00e2mbito do plano <b>&#8220;PROFISSIONAL&#8221;<\/b>, destina-se a um particular (pessoa f\u00edsica).<br \/>\nA assinatura tem validade de um ano (<b>10 edi\u00e7\u00f5es<\/b>), com in\u00edcio na primeira edi\u00e7\u00e3o publicada ap\u00f3s a confirma\u00e7\u00e3o do pagamento, e inclui acesso \u00e0 edi\u00e7\u00e3o <b>digital<\/b> da revista.<\/p>\n<p align=\"justify\">As \u200b\u200bassinaturas podem ser adquiridas a qualquer momento ao longo do ano.<br \/>\nA revista n\u00e3o \u00e9 publicada nos meses de julho e agosto.<\/p>\n<p align=\"justify\">O <strong>plano PROFISSIONAL<\/strong> inclui acesso a material de arquivo exclusivo, estruturado da seguinte forma:<\/p>\n<ul>\n<li>A coluna <strong>In-comprensioni<\/strong> (todos os artigos a partir de 2023), com curadoria de Daniela Mainetti, Elisabetta Marazzi e Alessia Todeschini<\/li>\n<li>A coluna <strong>Le parole dell&#8217;educazione<\/strong> (todos os artigos a partir de 2018)<\/li>\n<li>A s\u00e9rie <strong>Quaderni di Bambini<\/strong><\/li>\n<li>Os <strong>Editoriais de Monica Guerra<\/strong> (todos os artigos a partir de 2015)<\/li>\n<\/ul>\n","protected":false},"excerpt":{"rendered":"<p>H\u00e1 quarenta anos, a *Bambini* tem sido a revista de refer\u00eancia para aqueles envolvidos na educa\u00e7\u00e3o infantil (0 a 6 anos). Ela representa a diversidade de profissionais dedicados ao universo da primeira inf\u00e2ncia \u2014 de educadores de ber\u00e7\u00e1rio e professores de pr\u00e9-escola a professores universit\u00e1rios e pesquisadores \u2014, reunindo contribui\u00e7\u00f5es e reflex\u00f5es de diversas disciplinas, apresentando as pesquisas mais recentes na \u00e1rea educacional e compartilhando experi\u00eancias de ber\u00e7\u00e1rios e pr\u00e9-escolas locais. A assinatura individual, no \u00e2mbito do plano &#8220;PROFISSIONAL&#8221;, destina-se a um particular (pessoa f\u00edsica). A assinatura tem validade de um ano (10 edi\u00e7\u00f5es), com in\u00edcio na primeira edi\u00e7\u00e3o publicada ap\u00f3s a confirma\u00e7\u00e3o do pagamento, e inclui acesso \u00e0 edi\u00e7\u00e3o digital da revista. As \u200b\u200bassinaturas podem ser adquiridas a qualquer momento ao longo do ano. A revista n\u00e3o \u00e9 publicada nos meses de julho e agosto. O plano PROFISSIONAL inclui acesso a material de arquivo exclusivo, estruturado da seguinte forma: A coluna In-comprensioni (todos os artigos a partir de 2023), com curadoria de Daniela Mainetti, Elisabetta Marazzi e Alessia Todeschini A coluna Le parole dell&#8217;educazione (todos os artigos a partir de 2018) A s\u00e9rie Quaderni di Bambini Os Editoriais de Monica Guerra (todos os artigos a partir de 2015)<\/p>\n","protected":false},"featured_media":7839,"comment_status":"open","ping_status":"closed","template":"","meta":{"_acf_changed":false,"inline_featured_image":false},"article-tag":[],"book-tag":[],"corsi-tag":[],"live-tag":[],"podcast-tag":[],"product_brand":[],"product_cat":[300],"product_tag":[],"class_list":{"0":"post-19490","1":"product","2":"type-product","3":"status-publish","4":"has-post-thumbnail","6":"product_cat-abbonamenti-riviste-pt-br-2","8":"first","9":"instock","10":"virtual","11":"taxable","12":"purchasable","13":"product-type-subscription"},"acf":[],"yoast_head":"<!-- This site is optimized with the Yoast SEO plugin v26.1.1 - https:\/\/yoast.com\/wordpress\/plugins\/seo\/ -->\n<title>Infanzia Magazine \u2013 Assinatura Anual Profissional - PSL Zero6<\/title>\n<meta name=\"robots\" content=\"noindex, follow\" \/>\n<meta property=\"og:locale\" content=\"pt_BR\" \/>\n<meta property=\"og:type\" content=\"article\" \/>\n<meta property=\"og:title\" content=\"Infanzia Magazine \u2013 Assinatura Anual Profissional - PSL Zero6\" \/>\n<meta property=\"og:description\" content=\"H\u00e1 quarenta anos, a *Bambini* tem sido a revista de refer\u00eancia para aqueles envolvidos na educa\u00e7\u00e3o infantil (0 a 6 anos). Ela representa a diversidade de profissionais dedicados ao universo da primeira inf\u00e2ncia \u2014 de educadores de ber\u00e7\u00e1rio e professores de pr\u00e9-escola a professores universit\u00e1rios e pesquisadores \u2014, reunindo contribui\u00e7\u00f5es e reflex\u00f5es de diversas disciplinas, apresentando as pesquisas mais recentes na \u00e1rea educacional e compartilhando experi\u00eancias de ber\u00e7\u00e1rios e pr\u00e9-escolas locais. A assinatura individual, no \u00e2mbito do plano &#8220;PROFISSIONAL&#8221;, destina-se a um particular (pessoa f\u00edsica). A assinatura tem validade de um ano (10 edi\u00e7\u00f5es), com in\u00edcio na primeira edi\u00e7\u00e3o publicada ap\u00f3s a confirma\u00e7\u00e3o do pagamento, e inclui acesso \u00e0 edi\u00e7\u00e3o digital da revista. As \u200b\u200bassinaturas podem ser adquiridas a qualquer momento ao longo do ano. A revista n\u00e3o \u00e9 publicada nos meses de julho e agosto. O plano PROFISSIONAL inclui acesso a material de arquivo exclusivo, estruturado da seguinte forma: A coluna In-comprensioni (todos os artigos a partir de 2023), com curadoria de Daniela Mainetti, Elisabetta Marazzi e Alessia Todeschini A coluna Le parole dell&#8217;educazione (todos os artigos a partir de 2018) A s\u00e9rie Quaderni di Bambini Os Editoriais de Monica Guerra (todos os artigos a partir de 2015)\" \/>\n<meta property=\"og:url\" content=\"https:\/\/pslzero6.net\/pt-br\/produto\/rivista-infanzia-abbonamento-annuale-professional\/\" \/>\n<meta property=\"og:site_name\" content=\"PSL Zero6\" \/>\n<meta property=\"article:modified_time\" content=\"2026-03-18T13:46:40+00:00\" \/>\n<meta property=\"og:image\" content=\"https:\/\/pslzero6.net\/wp-content\/uploads\/2025\/08\/Immagine6.jpg\" \/>\n\t<meta property=\"og:image:width\" content=\"1950\" \/>\n\t<meta property=\"og:image:height\" content=\"2136\" \/>\n\t<meta property=\"og:image:type\" content=\"image\/jpeg\" \/>\n<meta name=\"twitter:card\" content=\"summary_large_image\" \/>\n<meta name=\"twitter:label1\" content=\"Est. tempo de leitura\" \/>\n\t<meta name=\"twitter:data1\" content=\"2 minutos\" \/>\n<script type=\"application\/ld+json\" class=\"yoast-schema-graph\">{\"@context\":\"https:\/\/schema.org\",\"@graph\":[{\"@type\":\"WebPage\",\"@id\":\"https:\/\/pslzero6.net\/pt-br\/produto\/rivista-infanzia-abbonamento-annuale-professional\/\",\"url\":\"https:\/\/pslzero6.net\/pt-br\/produto\/rivista-infanzia-abbonamento-annuale-professional\/\",\"name\":\"Infanzia Magazine \u2013 Assinatura Anual Profissional - PSL Zero6\",\"isPartOf\":{\"@id\":\"https:\/\/pslzero6.net\/#website\"},\"primaryImageOfPage\":{\"@id\":\"https:\/\/pslzero6.net\/pt-br\/produto\/rivista-infanzia-abbonamento-annuale-professional\/#primaryimage\"},\"image\":{\"@id\":\"https:\/\/pslzero6.net\/pt-br\/produto\/rivista-infanzia-abbonamento-annuale-professional\/#primaryimage\"},\"thumbnailUrl\":\"https:\/\/pslzero6.net\/wp-content\/uploads\/2025\/08\/Immagine6.jpg\",\"datePublished\":\"2025-08-04T14:02:42+00:00\",\"dateModified\":\"2026-03-18T13:46:40+00:00\",\"breadcrumb\":{\"@id\":\"https:\/\/pslzero6.net\/pt-br\/produto\/rivista-infanzia-abbonamento-annuale-professional\/#breadcrumb\"},\"inLanguage\":\"pt-BR\",\"potentialAction\":[{\"@type\":\"ReadAction\",\"target\":[\"https:\/\/pslzero6.net\/pt-br\/produto\/rivista-infanzia-abbonamento-annuale-professional\/\"]}]},{\"@type\":\"ImageObject\",\"inLanguage\":\"pt-BR\",\"@id\":\"https:\/\/pslzero6.net\/pt-br\/produto\/rivista-infanzia-abbonamento-annuale-professional\/#primaryimage\",\"url\":\"https:\/\/pslzero6.net\/wp-content\/uploads\/2025\/08\/Immagine6.jpg\",\"contentUrl\":\"https:\/\/pslzero6.net\/wp-content\/uploads\/2025\/08\/Immagine6.jpg\",\"width\":1950,\"height\":2136},{\"@type\":\"BreadcrumbList\",\"@id\":\"https:\/\/pslzero6.net\/pt-br\/produto\/rivista-infanzia-abbonamento-annuale-professional\/#breadcrumb\",\"itemListElement\":[{\"@type\":\"ListItem\",\"position\":1,\"name\":\"Home\",\"item\":\"https:\/\/pslzero6.net\/en\/\"},{\"@type\":\"ListItem\",\"position\":2,\"name\":\"Products\",\"item\":\"https:\/\/pslzero6.net\/shop\/\"},{\"@type\":\"ListItem\",\"position\":3,\"name\":\"Infanzia Magazine \u2013 Assinatura Anual Profissional\"}]},{\"@type\":\"WebSite\",\"@id\":\"https:\/\/pslzero6.net\/#website\",\"url\":\"https:\/\/pslzero6.net\/\",\"name\":\"PSL Zero6\",\"description\":\"\",\"publisher\":{\"@id\":\"https:\/\/pslzero6.net\/#organization\"},\"potentialAction\":[{\"@type\":\"SearchAction\",\"target\":{\"@type\":\"EntryPoint\",\"urlTemplate\":\"https:\/\/pslzero6.net\/?s={search_term_string}\"},\"query-input\":{\"@type\":\"PropertyValueSpecification\",\"valueRequired\":true,\"valueName\":\"search_term_string\"}}],\"inLanguage\":\"pt-BR\"},{\"@type\":\"Organization\",\"@id\":\"https:\/\/pslzero6.net\/#organization\",\"name\":\"PSL Zero6\",\"url\":\"https:\/\/pslzero6.net\/\",\"logo\":{\"@type\":\"ImageObject\",\"inLanguage\":\"pt-BR\",\"@id\":\"https:\/\/pslzero6.net\/#\/schema\/logo\/image\/\",\"url\":\"https:\/\/pslzero6.net\/wp-content\/uploads\/2024\/10\/Logo-PSL-zerosei.png\",\"contentUrl\":\"https:\/\/pslzero6.net\/wp-content\/uploads\/2024\/10\/Logo-PSL-zerosei.png\",\"width\":328,\"height\":152,\"caption\":\"PSL Zero6\"},\"image\":{\"@id\":\"https:\/\/pslzero6.net\/#\/schema\/logo\/image\/\"}}]}<\/script>\n<!-- \/ Yoast SEO plugin. -->","yoast_head_json":{"title":"Infanzia Magazine \u2013 Assinatura Anual Profissional - PSL Zero6","robots":{"index":"noindex","follow":"follow"},"og_locale":"pt_BR","og_type":"article","og_title":"Infanzia Magazine \u2013 Assinatura Anual Profissional - PSL Zero6","og_description":"H\u00e1 quarenta anos, a *Bambini* tem sido a revista de refer\u00eancia para aqueles envolvidos na educa\u00e7\u00e3o infantil (0 a 6 anos). Ela representa a diversidade de profissionais dedicados ao universo da primeira inf\u00e2ncia \u2014 de educadores de ber\u00e7\u00e1rio e professores de pr\u00e9-escola a professores universit\u00e1rios e pesquisadores \u2014, reunindo contribui\u00e7\u00f5es e reflex\u00f5es de diversas disciplinas, apresentando as pesquisas mais recentes na \u00e1rea educacional e compartilhando experi\u00eancias de ber\u00e7\u00e1rios e pr\u00e9-escolas locais. A assinatura individual, no \u00e2mbito do plano &#8220;PROFISSIONAL&#8221;, destina-se a um particular (pessoa f\u00edsica). A assinatura tem validade de um ano (10 edi\u00e7\u00f5es), com in\u00edcio na primeira edi\u00e7\u00e3o publicada ap\u00f3s a confirma\u00e7\u00e3o do pagamento, e inclui acesso \u00e0 edi\u00e7\u00e3o digital da revista. As \u200b\u200bassinaturas podem ser adquiridas a qualquer momento ao longo do ano. A revista n\u00e3o \u00e9 publicada nos meses de julho e agosto. O plano PROFISSIONAL inclui acesso a material de arquivo exclusivo, estruturado da seguinte forma: A coluna In-comprensioni (todos os artigos a partir de 2023), com curadoria de Daniela Mainetti, Elisabetta Marazzi e Alessia Todeschini A coluna Le parole dell&#8217;educazione (todos os artigos a partir de 2018) A s\u00e9rie Quaderni di Bambini Os Editoriais de Monica Guerra (todos os artigos a partir de 2015)","og_url":"https:\/\/pslzero6.net\/pt-br\/produto\/rivista-infanzia-abbonamento-annuale-professional\/","og_site_name":"PSL Zero6","article_modified_time":"2026-03-18T13:46:40+00:00","og_image":[{"width":1950,"height":2136,"url":"https:\/\/pslzero6.net\/wp-content\/uploads\/2025\/08\/Immagine6.jpg","type":"image\/jpeg"}],"twitter_card":"summary_large_image","twitter_misc":{"Est. tempo de leitura":"2 minutos"},"schema":{"@context":"https:\/\/schema.org","@graph":[{"@type":"WebPage","@id":"https:\/\/pslzero6.net\/pt-br\/produto\/rivista-infanzia-abbonamento-annuale-professional\/","url":"https:\/\/pslzero6.net\/pt-br\/produto\/rivista-infanzia-abbonamento-annuale-professional\/","name":"Infanzia Magazine \u2013 Assinatura Anual Profissional - PSL Zero6","isPartOf":{"@id":"https:\/\/pslzero6.net\/#website"},"primaryImageOfPage":{"@id":"https:\/\/pslzero6.net\/pt-br\/produto\/rivista-infanzia-abbonamento-annuale-professional\/#primaryimage"},"image":{"@id":"https:\/\/pslzero6.net\/pt-br\/produto\/rivista-infanzia-abbonamento-annuale-professional\/#primaryimage"},"thumbnailUrl":"https:\/\/pslzero6.net\/wp-content\/uploads\/2025\/08\/Immagine6.jpg","datePublished":"2025-08-04T14:02:42+00:00","dateModified":"2026-03-18T13:46:40+00:00","breadcrumb":{"@id":"https:\/\/pslzero6.net\/pt-br\/produto\/rivista-infanzia-abbonamento-annuale-professional\/#breadcrumb"},"inLanguage":"pt-BR","potentialAction":[{"@type":"ReadAction","target":["https:\/\/pslzero6.net\/pt-br\/produto\/rivista-infanzia-abbonamento-annuale-professional\/"]}]},{"@type":"ImageObject","inLanguage":"pt-BR","@id":"https:\/\/pslzero6.net\/pt-br\/produto\/rivista-infanzia-abbonamento-annuale-professional\/#primaryimage","url":"https:\/\/pslzero6.net\/wp-content\/uploads\/2025\/08\/Immagine6.jpg","contentUrl":"https:\/\/pslzero6.net\/wp-content\/uploads\/2025\/08\/Immagine6.jpg","width":1950,"height":2136},{"@type":"BreadcrumbList","@id":"https:\/\/pslzero6.net\/pt-br\/produto\/rivista-infanzia-abbonamento-annuale-professional\/#breadcrumb","itemListElement":[{"@type":"ListItem","position":1,"name":"Home","item":"https:\/\/pslzero6.net\/en\/"},{"@type":"ListItem","position":2,"name":"Products","item":"https:\/\/pslzero6.net\/shop\/"},{"@type":"ListItem","position":3,"name":"Infanzia Magazine \u2013 Assinatura Anual Profissional"}]},{"@type":"WebSite","@id":"https:\/\/pslzero6.net\/#website","url":"https:\/\/pslzero6.net\/","name":"PSL Zero6","description":"","publisher":{"@id":"https:\/\/pslzero6.net\/#organization"},"potentialAction":[{"@type":"SearchAction","target":{"@type":"EntryPoint","urlTemplate":"https:\/\/pslzero6.net\/?s={search_term_string}"},"query-input":{"@type":"PropertyValueSpecification","valueRequired":true,"valueName":"search_term_string"}}],"inLanguage":"pt-BR"},{"@type":"Organization","@id":"https:\/\/pslzero6.net\/#organization","name":"PSL Zero6","url":"https:\/\/pslzero6.net\/","logo":{"@type":"ImageObject","inLanguage":"pt-BR","@id":"https:\/\/pslzero6.net\/#\/schema\/logo\/image\/","url":"https:\/\/pslzero6.net\/wp-content\/uploads\/2024\/10\/Logo-PSL-zerosei.png","contentUrl":"https:\/\/pslzero6.net\/wp-content\/uploads\/2024\/10\/Logo-PSL-zerosei.png","width":328,"height":152,"caption":"PSL Zero6"},"image":{"@id":"https:\/\/pslzero6.net\/#\/schema\/logo\/image\/"}}]}},"_links":{"self":[{"href":"https:\/\/pslzero6.net\/pt-br\/wp-json\/wp\/v2\/product\/19490","targetHints":{"allow":["GET"]}}],"collection":[{"href":"https:\/\/pslzero6.net\/pt-br\/wp-json\/wp\/v2\/product"}],"about":[{"href":"https:\/\/pslzero6.net\/pt-br\/wp-json\/wp\/v2\/types\/product"}],"replies":[{"embeddable":true,"href":"https:\/\/pslzero6.net\/pt-br\/wp-json\/wp\/v2\/comments?post=19490"}],"wp:featuredmedia":[{"embeddable":true,"href":"https:\/\/pslzero6.net\/pt-br\/wp-json\/wp\/v2\/media\/7839"}],"wp:attachment":[{"href":"https:\/\/pslzero6.net\/pt-br\/wp-json\/wp\/v2\/media?parent=19490"}],"wp:term":[{"taxonomy":"article-tag","embeddable":true,"href":"https:\/\/pslzero6.net\/pt-br\/wp-json\/wp\/v2\/article-tag?post=19490"},{"taxonomy":"book-tag","embeddable":true,"href":"https:\/\/pslzero6.net\/pt-br\/wp-json\/wp\/v2\/book-tag?post=19490"},{"taxonomy":"corsi-tag","embeddable":true,"href":"https:\/\/pslzero6.net\/pt-br\/wp-json\/wp\/v2\/corsi-tag?post=19490"},{"taxonomy":"live-tag","embeddable":true,"href":"https:\/\/pslzero6.net\/pt-br\/wp-json\/wp\/v2\/live-tag?post=19490"},{"taxonomy":"podcast-tag","embeddable":true,"href":"https:\/\/pslzero6.net\/pt-br\/wp-json\/wp\/v2\/podcast-tag?post=19490"},{"taxonomy":"product_brand","embeddable":true,"href":"https:\/\/pslzero6.net\/pt-br\/wp-json\/wp\/v2\/product_brand?post=19490"},{"taxonomy":"product_cat","embeddable":true,"href":"https:\/\/pslzero6.net\/pt-br\/wp-json\/wp\/v2\/product_cat?post=19490"},{"taxonomy":"product_tag","embeddable":true,"href":"https:\/\/pslzero6.net\/pt-br\/wp-json\/wp\/v2\/product_tag?post=19490"}],"curies":[{"name":"wp","href":"https:\/\/api.w.org\/{rel}","templated":true}]}}