{"id":7929,"date":"2025-05-28T08:22:27","date_gmt":"2025-05-28T06:22:27","guid":{"rendered":"https:\/\/pslzero6.net\/credits-skillstool\/"},"modified":"2025-09-16T16:45:53","modified_gmt":"2025-09-16T14:45:53","slug":"credits-skillstool","status":"publish","type":"page","link":"https:\/\/pslzero6.net\/pt-br\/credits-skillstool\/","title":{"rendered":"Cr\u00e9ditos &#8211; Skills Tool Zero6"},"content":{"rendered":"\t\t<div data-elementor-type=\"wp-page\" data-elementor-id=\"7929\" class=\"elementor elementor-7929 elementor-4417\" data-elementor-settings=\"{&quot;ha_cmc_init_switcher&quot;:&quot;no&quot;}\">\n\t\t\t\t<div class=\"elementor-element elementor-element-3274a5b e-flex e-con-boxed wpr-particle-no wpr-jarallax-no wpr-parallax-no wpr-sticky-section-no e-con e-parent\" data-id=\"3274a5b\" data-element_type=\"container\" data-settings=\"{&quot;_ha_eqh_enable&quot;:false}\">\n\t\t\t\t\t<div class=\"e-con-inner\">\n\t\t\t\t<div class=\"elementor-element elementor-element-bcac588 elementor-widget elementor-widget-shortcode\" data-id=\"bcac588\" data-element_type=\"widget\" data-widget_type=\"shortcode.default\">\n\t\t\t\t<div class=\"elementor-widget-container\">\n\t\t\t\t\t\t\t<div class=\"elementor-shortcode\"><span><span><a href=\"https:\/\/pslzero6.net\/en\/\">Home<\/a><\/span><\/span><\/div>\n\t\t\t\t\t\t<\/div>\n\t\t\t\t<\/div>\n\t\t\t\t<div class=\"elementor-element elementor-element-c8ab408 elementor-widget elementor-widget-heading\" data-id=\"c8ab408\" data-element_type=\"widget\" data-widget_type=\"heading.default\">\n\t\t\t\t<div class=\"elementor-widget-container\">\n\t\t\t\t\t<h4 class=\"elementor-heading-title elementor-size-default\">Skills Tool Zero6<\/h4>\t\t\t\t<\/div>\n\t\t\t\t<\/div>\n\t\t\t\t<div class=\"elementor-element elementor-element-d122d74 elementor-widget elementor-widget-heading\" data-id=\"d122d74\" data-element_type=\"widget\" data-widget_type=\"heading.default\">\n\t\t\t\t<div class=\"elementor-widget-container\">\n\t\t\t\t\t<h2 class=\"elementor-heading-title elementor-size-default\">Cr\u00e9ditos <\/h2>\t\t\t\t<\/div>\n\t\t\t\t<\/div>\n\t\t\t\t<div class=\"elementor-element elementor-element-f2fd83d elementor-widget elementor-widget-text-editor\" data-id=\"f2fd83d\" data-element_type=\"widget\" data-widget_type=\"text-editor.default\">\n\t\t\t\t<div class=\"elementor-widget-container\">\n\t\t\t\t\t\t\t\t\t<p data-start=\"82\" data-end=\"278\">O trabalho de pesquisa e o desenho metodol\u00f3gico s\u00e3o fruto de um percurso de estudo e investiga\u00e7\u00e3o conduzido por um grupo de trabalho, sob a supervis\u00e3o cient\u00edfica da professora <b>Susanna Mantovani<\/b>.<\/p>\n<p data-start=\"280\" data-end=\"645\">Professora Honor\u00e1ria na Universidade de Mil\u00e3o-Bicocca, onde ocupou o cargo de Pr\u00f3-Reitora. A professora lecionou Pedagogia Geral e Social. Ao longo de sua carreira, colaborou com a OCDE como consultora cient\u00edfica em projetos sobre educa\u00e7\u00e3o da primeira inf\u00e2ncia e participou de in\u00fameras comiss\u00f5es ministeriais para a defini\u00e7\u00e3o das pol\u00edticas educacionais italianas.<\/p>\n<p data-start=\"647\" data-end=\"685\">Fizeram parte da equipe de pesquisa:<\/p>\n<ul data-start=\"687\" data-end=\"1038\">\n<li data-start=\"687\" data-end=\"740\">\n<p data-start=\"689\" data-end=\"740\"><b>Susanna Mantovani <\/b>(Universidade de Mil\u00e3o-Bicocca)<\/p>\n<\/li>\n<li data-start=\"741\" data-end=\"818\">\n<p data-start=\"743\" data-end=\"818\"><b>Gaia Banzi<\/b> (Ph.D. em Ci\u00eancias da Forma\u00e7\u00e3o e da Comunica\u00e7\u00e3o e antrop\u00f3loga)<\/p>\n<\/li>\n<li data-start=\"819\" data-end=\"866\">\n<p data-start=\"821\" data-end=\"866\"><b>Piera Braga<\/b> (Universidade de Mil\u00e3o-Bicocca)<\/p>\n<\/li>\n<li data-start=\"867\" data-end=\"966\">\n<p data-start=\"869\" data-end=\"966\"><b>Sabrina Bonaccini<\/b>, Paola Paglia e Chiara Cota da equipe cient\u00edfica do <strong data-start=\"939\" data-end=\"964\">Learning by Languages<\/strong><\/p>\n<\/li>\n<li data-start=\"967\" data-end=\"1038\">\n<p data-start=\"969\" data-end=\"1038\"><b>Andrea Pagano<\/b> e <b>Marco Muzzana<\/b> da equipe cient\u00edfica da <strong data-start=\"1023\" data-end=\"1036\">Educademi<\/strong><\/p>\n<\/li>\n<\/ul>\n<p data-start=\"1040\" data-end=\"1497\"><strong data-start=\"1040\" data-end=\"1065\">Learning by Languages<\/strong> \u00e9 uma marca de excel\u00eancia, nascida em Reggio Emilia, dedicada ao desenvolvimento de compet\u00eancias de vanguarda no campo educativo para a faixa et\u00e1ria de 0 a 10 anos, um sistema de produtos e servi\u00e7os para uma educa\u00e7\u00e3o de qualidade. A Diretora de Inova\u00e7\u00e3o e Desenvolvimento \u00e9 Sabrina Bonaccini, pedagoga com mais de trinta anos de experi\u00eancia em planejamento educacional, forma\u00e7\u00e3o, pesquisa e inova\u00e7\u00e3o nos servi\u00e7os para a inf\u00e2ncia.<\/p>\n<p data-start=\"1499\" data-end=\"1958\"><strong data-start=\"1499\" data-end=\"1512\">Educademi<\/strong> \u00e9 uma ag\u00eancia para o desenvolvimento das profiss\u00f5es educativas, especializada em forma\u00e7\u00e3o, edi\u00e7\u00e3o e consultoria voltadas ao sistema de educa\u00e7\u00e3o e ensino infantil, uma rede constitu\u00edda por docentes e pesquisadores das principais universidades italianas, al\u00e9m das mais qualificadas iniciativas nacionais ligadas ao setor educacional e escolar. <strong data-start=\"1855\" data-end=\"1868\">Educademi<\/strong> \u00e9 uma marca que re\u00fane a revista <em data-start=\"1901\" data-end=\"1910\">Bambini<\/em>, a revista <em data-start=\"1922\" data-end=\"1932\">Infanzia<\/em> e as <em data-start=\"1938\" data-end=\"1955\">Edizioni Junior<\/em>.<\/p>\n<p data-start=\"1960\" data-end=\"2099\">Esse grupo identificou a matriz te\u00f3rica e estruturou o instrumento, que possui car\u00e1ter tanto autoformativo quanto de aprendizagem social.<\/p>\n<p data-start=\"2101\" data-end=\"2465\">O desenho metodol\u00f3gico e os question\u00e1rios de autoavalia\u00e7\u00e3o <strong data-start=\"2160\" data-end=\"2170\">Junior<\/strong> e <strong data-start=\"2173\" data-end=\"2183\">Senior<\/strong> s\u00e3o fruto da colabora\u00e7\u00e3o entre o grupo de pesquisadores da Universidade Bicocca e a equipe da <strong data-start=\"2278\" data-end=\"2291\">Educademi<\/strong>. Com base nessa estrutura j\u00e1 definida, os question\u00e1rios de avalia\u00e7\u00e3o <em data-start=\"2361\" data-end=\"2385\">\u201cDesafios do Presente\u201d<\/em> e <em data-start=\"2388\" data-end=\"2404\">\u201cPedagogistas\u201d<\/em> foram elaborados pela equipe do <strong data-start=\"2437\" data-end=\"2462\">Learning by Languages<\/strong>.<\/p>\t\t\t\t\t\t\t\t<\/div>\n\t\t\t\t<\/div>\n\t\t\t\t\t<\/div>\n\t\t\t\t<\/div>\n\t\t\t\t<\/div>\n\t\t","protected":false},"excerpt":{"rendered":"<p>Skills Tool Zero6 Cr\u00e9ditos O trabalho de pesquisa e o desenho metodol\u00f3gico s\u00e3o fruto de um percurso de estudo e investiga\u00e7\u00e3o conduzido por um grupo de trabalho, sob a supervis\u00e3o cient\u00edfica da professora Susanna Mantovani. Professora Honor\u00e1ria na Universidade de Mil\u00e3o-Bicocca, onde ocupou o cargo de Pr\u00f3-Reitora. A professora lecionou Pedagogia Geral e Social. Ao longo de sua carreira, colaborou com a OCDE como consultora cient\u00edfica em projetos sobre educa\u00e7\u00e3o da primeira inf\u00e2ncia e participou de in\u00fameras comiss\u00f5es ministeriais para a defini\u00e7\u00e3o das pol\u00edticas educacionais italianas. Fizeram parte da equipe de pesquisa: Susanna Mantovani (Universidade de Mil\u00e3o-Bicocca) Gaia Banzi (Ph.D. em Ci\u00eancias da Forma\u00e7\u00e3o e da Comunica\u00e7\u00e3o e antrop\u00f3loga) Piera Braga (Universidade de Mil\u00e3o-Bicocca) Sabrina Bonaccini, Paola Paglia e Chiara Cota da equipe cient\u00edfica do Learning by Languages Andrea Pagano e Marco Muzzana da equipe cient\u00edfica da Educademi Learning by Languages \u00e9 uma marca de excel\u00eancia, nascida em Reggio Emilia, dedicada ao desenvolvimento de compet\u00eancias de vanguarda no campo educativo para a faixa et\u00e1ria de 0 a 10 anos, um sistema de produtos e servi\u00e7os para uma educa\u00e7\u00e3o de qualidade. A Diretora de Inova\u00e7\u00e3o e Desenvolvimento \u00e9 Sabrina Bonaccini, pedagoga com mais de trinta anos de experi\u00eancia em planejamento educacional, forma\u00e7\u00e3o, pesquisa e inova\u00e7\u00e3o nos servi\u00e7os para a inf\u00e2ncia. Educademi \u00e9 uma ag\u00eancia para o desenvolvimento das profiss\u00f5es educativas, especializada em forma\u00e7\u00e3o, edi\u00e7\u00e3o e consultoria voltadas ao sistema de educa\u00e7\u00e3o e ensino infantil, uma rede constitu\u00edda por docentes e pesquisadores das principais universidades italianas, al\u00e9m das mais qualificadas iniciativas nacionais ligadas ao setor educacional e escolar. Educademi \u00e9 uma marca que re\u00fane a revista Bambini, a revista Infanzia e as Edizioni Junior. Esse grupo identificou a matriz te\u00f3rica e estruturou o instrumento, que possui car\u00e1ter tanto autoformativo quanto de aprendizagem social. O desenho metodol\u00f3gico e os question\u00e1rios de autoavalia\u00e7\u00e3o Junior e Senior s\u00e3o fruto da colabora\u00e7\u00e3o entre o grupo de pesquisadores da Universidade Bicocca e a equipe da Educademi. Com base nessa estrutura j\u00e1 definida, os question\u00e1rios de avalia\u00e7\u00e3o \u201cDesafios do Presente\u201d e \u201cPedagogistas\u201d foram elaborados pela equipe do Learning by Languages.<\/p>\n","protected":false},"author":271,"featured_media":0,"parent":0,"menu_order":0,"comment_status":"closed","ping_status":"closed","template":"","meta":{"_acf_changed":false,"inline_featured_image":false,"footnotes":""},"class_list":["post-7929","page","type-page","status-publish","hentry"],"acf":[],"yoast_head":"<!-- This site is optimized with the Yoast SEO plugin v26.1.1 - https:\/\/yoast.com\/wordpress\/plugins\/seo\/ -->\n<title>Cr\u00e9ditos - Skills Tool Zero6 - PSL Zero6<\/title>\n<meta name=\"robots\" content=\"index, follow, max-snippet:-1, max-image-preview:large, max-video-preview:-1\" \/>\n<link rel=\"canonical\" href=\"https:\/\/pslzero6.net\/pt-br\/credits-skillstool\/\" \/>\n<meta property=\"og:locale\" content=\"pt_BR\" \/>\n<meta property=\"og:type\" content=\"article\" \/>\n<meta property=\"og:title\" content=\"Cr\u00e9ditos - Skills Tool Zero6 - PSL Zero6\" \/>\n<meta property=\"og:description\" content=\"Skills Tool Zero6 Cr\u00e9ditos O trabalho de pesquisa e o desenho metodol\u00f3gico s\u00e3o fruto de um percurso de estudo e investiga\u00e7\u00e3o conduzido por um grupo de trabalho, sob a supervis\u00e3o cient\u00edfica da professora Susanna Mantovani. Professora Honor\u00e1ria na Universidade de Mil\u00e3o-Bicocca, onde ocupou o cargo de Pr\u00f3-Reitora. A professora lecionou Pedagogia Geral e Social. Ao longo de sua carreira, colaborou com a OCDE como consultora cient\u00edfica em projetos sobre educa\u00e7\u00e3o da primeira inf\u00e2ncia e participou de in\u00fameras comiss\u00f5es ministeriais para a defini\u00e7\u00e3o das pol\u00edticas educacionais italianas. Fizeram parte da equipe de pesquisa: Susanna Mantovani (Universidade de Mil\u00e3o-Bicocca) Gaia Banzi (Ph.D. em Ci\u00eancias da Forma\u00e7\u00e3o e da Comunica\u00e7\u00e3o e antrop\u00f3loga) Piera Braga (Universidade de Mil\u00e3o-Bicocca) Sabrina Bonaccini, Paola Paglia e Chiara Cota da equipe cient\u00edfica do Learning by Languages Andrea Pagano e Marco Muzzana da equipe cient\u00edfica da Educademi Learning by Languages \u00e9 uma marca de excel\u00eancia, nascida em Reggio Emilia, dedicada ao desenvolvimento de compet\u00eancias de vanguarda no campo educativo para a faixa et\u00e1ria de 0 a 10 anos, um sistema de produtos e servi\u00e7os para uma educa\u00e7\u00e3o de qualidade. A Diretora de Inova\u00e7\u00e3o e Desenvolvimento \u00e9 Sabrina Bonaccini, pedagoga com mais de trinta anos de experi\u00eancia em planejamento educacional, forma\u00e7\u00e3o, pesquisa e inova\u00e7\u00e3o nos servi\u00e7os para a inf\u00e2ncia. Educademi \u00e9 uma ag\u00eancia para o desenvolvimento das profiss\u00f5es educativas, especializada em forma\u00e7\u00e3o, edi\u00e7\u00e3o e consultoria voltadas ao sistema de educa\u00e7\u00e3o e ensino infantil, uma rede constitu\u00edda por docentes e pesquisadores das principais universidades italianas, al\u00e9m das mais qualificadas iniciativas nacionais ligadas ao setor educacional e escolar. Educademi \u00e9 uma marca que re\u00fane a revista Bambini, a revista Infanzia e as Edizioni Junior. Esse grupo identificou a matriz te\u00f3rica e estruturou o instrumento, que possui car\u00e1ter tanto autoformativo quanto de aprendizagem social. O desenho metodol\u00f3gico e os question\u00e1rios de autoavalia\u00e7\u00e3o Junior e Senior s\u00e3o fruto da colabora\u00e7\u00e3o entre o grupo de pesquisadores da Universidade Bicocca e a equipe da Educademi. Com base nessa estrutura j\u00e1 definida, os question\u00e1rios de avalia\u00e7\u00e3o \u201cDesafios do Presente\u201d e \u201cPedagogistas\u201d foram elaborados pela equipe do Learning by Languages.\" \/>\n<meta property=\"og:url\" content=\"https:\/\/pslzero6.net\/pt-br\/credits-skillstool\/\" \/>\n<meta property=\"og:site_name\" content=\"PSL Zero6\" \/>\n<meta property=\"article:modified_time\" content=\"2025-09-16T14:45:53+00:00\" \/>\n<meta name=\"twitter:card\" content=\"summary_large_image\" \/>\n<meta name=\"twitter:label1\" content=\"Est. tempo de leitura\" \/>\n\t<meta name=\"twitter:data1\" content=\"2 minutos\" \/>\n<script type=\"application\/ld+json\" class=\"yoast-schema-graph\">{\"@context\":\"https:\/\/schema.org\",\"@graph\":[{\"@type\":\"WebPage\",\"@id\":\"https:\/\/pslzero6.net\/pt-br\/credits-skillstool\/\",\"url\":\"https:\/\/pslzero6.net\/pt-br\/credits-skillstool\/\",\"name\":\"Cr\u00e9ditos - Skills Tool Zero6 - PSL Zero6\",\"isPartOf\":{\"@id\":\"https:\/\/pslzero6.net\/#website\"},\"datePublished\":\"2025-05-28T06:22:27+00:00\",\"dateModified\":\"2025-09-16T14:45:53+00:00\",\"breadcrumb\":{\"@id\":\"https:\/\/pslzero6.net\/pt-br\/credits-skillstool\/#breadcrumb\"},\"inLanguage\":\"pt-BR\",\"potentialAction\":[{\"@type\":\"ReadAction\",\"target\":[\"https:\/\/pslzero6.net\/pt-br\/credits-skillstool\/\"]}]},{\"@type\":\"BreadcrumbList\",\"@id\":\"https:\/\/pslzero6.net\/pt-br\/credits-skillstool\/#breadcrumb\",\"itemListElement\":[{\"@type\":\"ListItem\",\"position\":1,\"name\":\"Home\",\"item\":\"https:\/\/pslzero6.net\/en\/\"},{\"@type\":\"ListItem\",\"position\":2,\"name\":\"Cr\u00e9ditos &#8211; Skills Tool Zero6\"}]},{\"@type\":\"WebSite\",\"@id\":\"https:\/\/pslzero6.net\/#website\",\"url\":\"https:\/\/pslzero6.net\/\",\"name\":\"PSL Zero6\",\"description\":\"\",\"publisher\":{\"@id\":\"https:\/\/pslzero6.net\/#organization\"},\"potentialAction\":[{\"@type\":\"SearchAction\",\"target\":{\"@type\":\"EntryPoint\",\"urlTemplate\":\"https:\/\/pslzero6.net\/?s={search_term_string}\"},\"query-input\":{\"@type\":\"PropertyValueSpecification\",\"valueRequired\":true,\"valueName\":\"search_term_string\"}}],\"inLanguage\":\"pt-BR\"},{\"@type\":\"Organization\",\"@id\":\"https:\/\/pslzero6.net\/#organization\",\"name\":\"PSL Zero6\",\"url\":\"https:\/\/pslzero6.net\/\",\"logo\":{\"@type\":\"ImageObject\",\"inLanguage\":\"pt-BR\",\"@id\":\"https:\/\/pslzero6.net\/#\/schema\/logo\/image\/\",\"url\":\"https:\/\/pslzero6.net\/wp-content\/uploads\/2024\/10\/Logo-PSL-zerosei.png\",\"contentUrl\":\"https:\/\/pslzero6.net\/wp-content\/uploads\/2024\/10\/Logo-PSL-zerosei.png\",\"width\":328,\"height\":152,\"caption\":\"PSL Zero6\"},\"image\":{\"@id\":\"https:\/\/pslzero6.net\/#\/schema\/logo\/image\/\"}}]}<\/script>\n<!-- \/ Yoast SEO plugin. -->","yoast_head_json":{"title":"Cr\u00e9ditos - Skills Tool Zero6 - PSL Zero6","robots":{"index":"index","follow":"follow","max-snippet":"max-snippet:-1","max-image-preview":"max-image-preview:large","max-video-preview":"max-video-preview:-1"},"canonical":"https:\/\/pslzero6.net\/pt-br\/credits-skillstool\/","og_locale":"pt_BR","og_type":"article","og_title":"Cr\u00e9ditos - Skills Tool Zero6 - PSL Zero6","og_description":"Skills Tool Zero6 Cr\u00e9ditos O trabalho de pesquisa e o desenho metodol\u00f3gico s\u00e3o fruto de um percurso de estudo e investiga\u00e7\u00e3o conduzido por um grupo de trabalho, sob a supervis\u00e3o cient\u00edfica da professora Susanna Mantovani. Professora Honor\u00e1ria na Universidade de Mil\u00e3o-Bicocca, onde ocupou o cargo de Pr\u00f3-Reitora. A professora lecionou Pedagogia Geral e Social. Ao longo de sua carreira, colaborou com a OCDE como consultora cient\u00edfica em projetos sobre educa\u00e7\u00e3o da primeira inf\u00e2ncia e participou de in\u00fameras comiss\u00f5es ministeriais para a defini\u00e7\u00e3o das pol\u00edticas educacionais italianas. Fizeram parte da equipe de pesquisa: Susanna Mantovani (Universidade de Mil\u00e3o-Bicocca) Gaia Banzi (Ph.D. em Ci\u00eancias da Forma\u00e7\u00e3o e da Comunica\u00e7\u00e3o e antrop\u00f3loga) Piera Braga (Universidade de Mil\u00e3o-Bicocca) Sabrina Bonaccini, Paola Paglia e Chiara Cota da equipe cient\u00edfica do Learning by Languages Andrea Pagano e Marco Muzzana da equipe cient\u00edfica da Educademi Learning by Languages \u00e9 uma marca de excel\u00eancia, nascida em Reggio Emilia, dedicada ao desenvolvimento de compet\u00eancias de vanguarda no campo educativo para a faixa et\u00e1ria de 0 a 10 anos, um sistema de produtos e servi\u00e7os para uma educa\u00e7\u00e3o de qualidade. A Diretora de Inova\u00e7\u00e3o e Desenvolvimento \u00e9 Sabrina Bonaccini, pedagoga com mais de trinta anos de experi\u00eancia em planejamento educacional, forma\u00e7\u00e3o, pesquisa e inova\u00e7\u00e3o nos servi\u00e7os para a inf\u00e2ncia. Educademi \u00e9 uma ag\u00eancia para o desenvolvimento das profiss\u00f5es educativas, especializada em forma\u00e7\u00e3o, edi\u00e7\u00e3o e consultoria voltadas ao sistema de educa\u00e7\u00e3o e ensino infantil, uma rede constitu\u00edda por docentes e pesquisadores das principais universidades italianas, al\u00e9m das mais qualificadas iniciativas nacionais ligadas ao setor educacional e escolar. Educademi \u00e9 uma marca que re\u00fane a revista Bambini, a revista Infanzia e as Edizioni Junior. Esse grupo identificou a matriz te\u00f3rica e estruturou o instrumento, que possui car\u00e1ter tanto autoformativo quanto de aprendizagem social. O desenho metodol\u00f3gico e os question\u00e1rios de autoavalia\u00e7\u00e3o Junior e Senior s\u00e3o fruto da colabora\u00e7\u00e3o entre o grupo de pesquisadores da Universidade Bicocca e a equipe da Educademi. Com base nessa estrutura j\u00e1 definida, os question\u00e1rios de avalia\u00e7\u00e3o \u201cDesafios do Presente\u201d e \u201cPedagogistas\u201d foram elaborados pela equipe do Learning by Languages.","og_url":"https:\/\/pslzero6.net\/pt-br\/credits-skillstool\/","og_site_name":"PSL Zero6","article_modified_time":"2025-09-16T14:45:53+00:00","twitter_card":"summary_large_image","twitter_misc":{"Est. tempo de leitura":"2 minutos"},"schema":{"@context":"https:\/\/schema.org","@graph":[{"@type":"WebPage","@id":"https:\/\/pslzero6.net\/pt-br\/credits-skillstool\/","url":"https:\/\/pslzero6.net\/pt-br\/credits-skillstool\/","name":"Cr\u00e9ditos - Skills Tool Zero6 - PSL Zero6","isPartOf":{"@id":"https:\/\/pslzero6.net\/#website"},"datePublished":"2025-05-28T06:22:27+00:00","dateModified":"2025-09-16T14:45:53+00:00","breadcrumb":{"@id":"https:\/\/pslzero6.net\/pt-br\/credits-skillstool\/#breadcrumb"},"inLanguage":"pt-BR","potentialAction":[{"@type":"ReadAction","target":["https:\/\/pslzero6.net\/pt-br\/credits-skillstool\/"]}]},{"@type":"BreadcrumbList","@id":"https:\/\/pslzero6.net\/pt-br\/credits-skillstool\/#breadcrumb","itemListElement":[{"@type":"ListItem","position":1,"name":"Home","item":"https:\/\/pslzero6.net\/en\/"},{"@type":"ListItem","position":2,"name":"Cr\u00e9ditos &#8211; Skills Tool Zero6"}]},{"@type":"WebSite","@id":"https:\/\/pslzero6.net\/#website","url":"https:\/\/pslzero6.net\/","name":"PSL Zero6","description":"","publisher":{"@id":"https:\/\/pslzero6.net\/#organization"},"potentialAction":[{"@type":"SearchAction","target":{"@type":"EntryPoint","urlTemplate":"https:\/\/pslzero6.net\/?s={search_term_string}"},"query-input":{"@type":"PropertyValueSpecification","valueRequired":true,"valueName":"search_term_string"}}],"inLanguage":"pt-BR"},{"@type":"Organization","@id":"https:\/\/pslzero6.net\/#organization","name":"PSL Zero6","url":"https:\/\/pslzero6.net\/","logo":{"@type":"ImageObject","inLanguage":"pt-BR","@id":"https:\/\/pslzero6.net\/#\/schema\/logo\/image\/","url":"https:\/\/pslzero6.net\/wp-content\/uploads\/2024\/10\/Logo-PSL-zerosei.png","contentUrl":"https:\/\/pslzero6.net\/wp-content\/uploads\/2024\/10\/Logo-PSL-zerosei.png","width":328,"height":152,"caption":"PSL Zero6"},"image":{"@id":"https:\/\/pslzero6.net\/#\/schema\/logo\/image\/"}}]}},"_links":{"self":[{"href":"https:\/\/pslzero6.net\/pt-br\/wp-json\/wp\/v2\/pages\/7929","targetHints":{"allow":["GET"]}}],"collection":[{"href":"https:\/\/pslzero6.net\/pt-br\/wp-json\/wp\/v2\/pages"}],"about":[{"href":"https:\/\/pslzero6.net\/pt-br\/wp-json\/wp\/v2\/types\/page"}],"author":[{"embeddable":true,"href":"https:\/\/pslzero6.net\/pt-br\/wp-json\/wp\/v2\/users\/271"}],"replies":[{"embeddable":true,"href":"https:\/\/pslzero6.net\/pt-br\/wp-json\/wp\/v2\/comments?post=7929"}],"version-history":[{"count":4,"href":"https:\/\/pslzero6.net\/pt-br\/wp-json\/wp\/v2\/pages\/7929\/revisions"}],"predecessor-version":[{"id":7933,"href":"https:\/\/pslzero6.net\/pt-br\/wp-json\/wp\/v2\/pages\/7929\/revisions\/7933"}],"wp:attachment":[{"href":"https:\/\/pslzero6.net\/pt-br\/wp-json\/wp\/v2\/media?parent=7929"}],"curies":[{"name":"wp","href":"https:\/\/api.w.org\/{rel}","templated":true}]}}