{"id":19488,"date":"2025-08-04T16:02:42","date_gmt":"2025-08-04T14:02:42","guid":{"rendered":"https:\/\/pslzero6.net\/product\/rivista-infanzia-abbonamento-annuale-professional\/"},"modified":"2026-03-18T14:44:49","modified_gmt":"2026-03-18T13:44:49","slug":"rivista-infanzia-abbonamento-annuale-professional","status":"publish","type":"product","link":"https:\/\/pslzero6.net\/fr\/produit\/rivista-infanzia-abbonamento-annuale-professional\/","title":{"rendered":"Infanzia Magazine \u2013 Abonnement annuel professionnel"},"content":{"rendered":"<p align=\"justify\">Depuis quarante ans, *Bambini* constitue la revue de r\u00e9f\u00e9rence pour tous les acteurs de l&rsquo;<strong>\u00e9ducation de la petite enfance (0-6 ans)<\/strong>. Elle incarne la diversit\u00e9 des professionnels d\u00e9di\u00e9s au monde de la petite enfance \u2014 des \u00e9ducateurs de cr\u00e8che et enseignants de maternelle aux professeurs d&rsquo;universit\u00e9 et chercheurs \u2014 en rassemblant des contributions et des r\u00e9flexions issues de diverses disciplines, en pr\u00e9sentant les derni\u00e8res recherches dans le domaine \u00e9ducatif et en partageant les exp\u00e9riences de cr\u00e8ches et d&rsquo;\u00e9coles maternelles locales.<\/p>\n<p align=\"justify\">L&rsquo;abonnement individuel, dans le cadre de la formule <b>\u00ab PROFESSIONNEL \u00bb<\/b>, s&rsquo;adresse \u00e0 un particulier (personne physique).<br \/>\nCet abonnement est valable pour une dur\u00e9e d&rsquo;un an (<b>10 num\u00e9ros<\/b>) ; il d\u00e9bute avec le premier num\u00e9ro publi\u00e9 apr\u00e8s r\u00e9ception du paiement et inclut l&rsquo;acc\u00e8s \u00e0 l&rsquo;\u00e9dition <b>num\u00e9rique<\/b> de la revue.<\/p>\n<p align=\"justify\">Il est possible de souscrire un abonnement \u00e0 tout moment de l&rsquo;ann\u00e9e.<br \/>\nLa revue ne para\u00eet pas durant les mois de juillet et d&rsquo;ao\u00fbt.<\/p>\n<p align=\"justify\">La <strong>formule PROFESSIONNEL<\/strong> donne acc\u00e8s \u00e0 des archives exclusives, organis\u00e9es comme suit :<\/p>\n<ul>\n<li>La rubrique <strong>In-comprensioni<\/strong> (tous les articles \u00e0 partir de 2023), anim\u00e9e par Daniela Mainetti, Elisabetta Marazzi et Alessia Todeschini<\/li>\n<li>La rubrique <strong>Le parole dell&rsquo;educazione<\/strong> (tous les articles \u00e0 partir de 2018)<\/li>\n<li>La collection <strong>Quaderni di Bambini<\/strong><\/li>\n<li>Les <strong>\u00e9ditoriaux de Monica Guerra<\/strong> (tous les articles \u00e0 partir de 2015)<\/li>\n<\/ul>\n","protected":false},"excerpt":{"rendered":"<p>Depuis quarante ans, *Bambini* constitue la revue de r\u00e9f\u00e9rence pour tous les acteurs de l&rsquo;\u00e9ducation de la petite enfance (0-6 ans). Elle incarne la diversit\u00e9 des professionnels d\u00e9di\u00e9s au monde de la petite enfance \u2014 des \u00e9ducateurs de cr\u00e8che et enseignants de maternelle aux professeurs d&rsquo;universit\u00e9 et chercheurs \u2014 en rassemblant des contributions et des r\u00e9flexions issues de diverses disciplines, en pr\u00e9sentant les derni\u00e8res recherches dans le domaine \u00e9ducatif et en partageant les exp\u00e9riences de cr\u00e8ches et d&rsquo;\u00e9coles maternelles locales. L&rsquo;abonnement individuel, dans le cadre de la formule \u00ab PROFESSIONNEL \u00bb, s&rsquo;adresse \u00e0 un particulier (personne physique). Cet abonnement est valable pour une dur\u00e9e d&rsquo;un an (10 num\u00e9ros) ; il d\u00e9bute avec le premier num\u00e9ro publi\u00e9 apr\u00e8s r\u00e9ception du paiement et inclut l&rsquo;acc\u00e8s \u00e0 l&rsquo;\u00e9dition num\u00e9rique de la revue. Il est possible de souscrire un abonnement \u00e0 tout moment de l&rsquo;ann\u00e9e. La revue ne para\u00eet pas durant les mois de juillet et d&rsquo;ao\u00fbt. La formule PROFESSIONNEL donne acc\u00e8s \u00e0 des archives exclusives, organis\u00e9es comme suit : La rubrique In-comprensioni (tous les articles \u00e0 partir de 2023), anim\u00e9e par Daniela Mainetti, Elisabetta Marazzi et Alessia Todeschini La rubrique Le parole dell&rsquo;educazione (tous les articles \u00e0 partir de 2018) La collection Quaderni di Bambini Les \u00e9ditoriaux de Monica Guerra (tous les articles \u00e0 partir de 2015)<\/p>\n","protected":false},"featured_media":19489,"comment_status":"open","ping_status":"closed","template":"","meta":{"_acf_changed":false,"inline_featured_image":false},"article-tag":[],"book-tag":[],"corsi-tag":[],"live-tag":[],"podcast-tag":[],"product_brand":[],"product_cat":[281],"product_tag":[],"class_list":{"0":"post-19488","1":"product","2":"type-product","3":"status-publish","4":"has-post-thumbnail","6":"product_cat-abbonamenti-riviste-fr","8":"first","9":"instock","10":"virtual","11":"taxable","12":"purchasable","13":"product-type-subscription"},"acf":[],"yoast_head":"<!-- This site is optimized with the Yoast SEO plugin v26.1.1 - https:\/\/yoast.com\/wordpress\/plugins\/seo\/ -->\n<title>Infanzia Magazine \u2013 Abonnement annuel professionnel - PSL Zero6<\/title>\n<meta name=\"robots\" content=\"noindex, follow\" \/>\n<meta property=\"og:locale\" content=\"fr_FR\" \/>\n<meta property=\"og:type\" content=\"article\" \/>\n<meta property=\"og:title\" content=\"Infanzia Magazine \u2013 Abonnement annuel professionnel - PSL Zero6\" \/>\n<meta property=\"og:description\" content=\"Depuis quarante ans, *Bambini* constitue la revue de r\u00e9f\u00e9rence pour tous les acteurs de l&rsquo;\u00e9ducation de la petite enfance (0-6 ans). Elle incarne la diversit\u00e9 des professionnels d\u00e9di\u00e9s au monde de la petite enfance \u2014 des \u00e9ducateurs de cr\u00e8che et enseignants de maternelle aux professeurs d&rsquo;universit\u00e9 et chercheurs \u2014 en rassemblant des contributions et des r\u00e9flexions issues de diverses disciplines, en pr\u00e9sentant les derni\u00e8res recherches dans le domaine \u00e9ducatif et en partageant les exp\u00e9riences de cr\u00e8ches et d&rsquo;\u00e9coles maternelles locales. L&rsquo;abonnement individuel, dans le cadre de la formule \u00ab PROFESSIONNEL \u00bb, s&rsquo;adresse \u00e0 un particulier (personne physique). Cet abonnement est valable pour une dur\u00e9e d&rsquo;un an (10 num\u00e9ros) ; il d\u00e9bute avec le premier num\u00e9ro publi\u00e9 apr\u00e8s r\u00e9ception du paiement et inclut l&rsquo;acc\u00e8s \u00e0 l&rsquo;\u00e9dition num\u00e9rique de la revue. Il est possible de souscrire un abonnement \u00e0 tout moment de l&rsquo;ann\u00e9e. La revue ne para\u00eet pas durant les mois de juillet et d&rsquo;ao\u00fbt. La formule PROFESSIONNEL donne acc\u00e8s \u00e0 des archives exclusives, organis\u00e9es comme suit : La rubrique In-comprensioni (tous les articles \u00e0 partir de 2023), anim\u00e9e par Daniela Mainetti, Elisabetta Marazzi et Alessia Todeschini La rubrique Le parole dell&rsquo;educazione (tous les articles \u00e0 partir de 2018) La collection Quaderni di Bambini Les \u00e9ditoriaux de Monica Guerra (tous les articles \u00e0 partir de 2015)\" \/>\n<meta property=\"og:url\" content=\"https:\/\/pslzero6.net\/fr\/produit\/rivista-infanzia-abbonamento-annuale-professional\/\" \/>\n<meta property=\"og:site_name\" content=\"PSL Zero6\" \/>\n<meta property=\"article:modified_time\" content=\"2026-03-18T13:44:49+00:00\" \/>\n<meta property=\"og:image\" content=\"https:\/\/pslzero6.net\/wp-content\/uploads\/2025\/08\/Immagine6.jpg\" \/>\n\t<meta property=\"og:image:width\" content=\"1950\" \/>\n\t<meta property=\"og:image:height\" content=\"2136\" \/>\n\t<meta property=\"og:image:type\" content=\"image\/jpeg\" \/>\n<meta name=\"twitter:card\" content=\"summary_large_image\" \/>\n<meta name=\"twitter:label1\" content=\"Dur\u00e9e de lecture estim\u00e9e\" \/>\n\t<meta name=\"twitter:data1\" content=\"2 minutes\" \/>\n<script type=\"application\/ld+json\" class=\"yoast-schema-graph\">{\"@context\":\"https:\/\/schema.org\",\"@graph\":[{\"@type\":\"WebPage\",\"@id\":\"https:\/\/pslzero6.net\/fr\/produit\/rivista-infanzia-abbonamento-annuale-professional\/\",\"url\":\"https:\/\/pslzero6.net\/fr\/produit\/rivista-infanzia-abbonamento-annuale-professional\/\",\"name\":\"Infanzia Magazine \u2013 Abonnement annuel professionnel - PSL Zero6\",\"isPartOf\":{\"@id\":\"https:\/\/pslzero6.net\/#website\"},\"primaryImageOfPage\":{\"@id\":\"https:\/\/pslzero6.net\/fr\/produit\/rivista-infanzia-abbonamento-annuale-professional\/#primaryimage\"},\"image\":{\"@id\":\"https:\/\/pslzero6.net\/fr\/produit\/rivista-infanzia-abbonamento-annuale-professional\/#primaryimage\"},\"thumbnailUrl\":\"https:\/\/pslzero6.net\/wp-content\/uploads\/2025\/08\/Immagine6.jpg\",\"datePublished\":\"2025-08-04T14:02:42+00:00\",\"dateModified\":\"2026-03-18T13:44:49+00:00\",\"breadcrumb\":{\"@id\":\"https:\/\/pslzero6.net\/fr\/produit\/rivista-infanzia-abbonamento-annuale-professional\/#breadcrumb\"},\"inLanguage\":\"fr-FR\",\"potentialAction\":[{\"@type\":\"ReadAction\",\"target\":[\"https:\/\/pslzero6.net\/fr\/produit\/rivista-infanzia-abbonamento-annuale-professional\/\"]}]},{\"@type\":\"ImageObject\",\"inLanguage\":\"fr-FR\",\"@id\":\"https:\/\/pslzero6.net\/fr\/produit\/rivista-infanzia-abbonamento-annuale-professional\/#primaryimage\",\"url\":\"https:\/\/pslzero6.net\/wp-content\/uploads\/2025\/08\/Immagine6.jpg\",\"contentUrl\":\"https:\/\/pslzero6.net\/wp-content\/uploads\/2025\/08\/Immagine6.jpg\",\"width\":1950,\"height\":2136},{\"@type\":\"BreadcrumbList\",\"@id\":\"https:\/\/pslzero6.net\/fr\/produit\/rivista-infanzia-abbonamento-annuale-professional\/#breadcrumb\",\"itemListElement\":[{\"@type\":\"ListItem\",\"position\":1,\"name\":\"Home\",\"item\":\"https:\/\/pslzero6.net\/fr\/\"},{\"@type\":\"ListItem\",\"position\":2,\"name\":\"Products\",\"item\":\"https:\/\/pslzero6.net\/shop\/\"},{\"@type\":\"ListItem\",\"position\":3,\"name\":\"Infanzia Magazine \u2013 Abonnement annuel professionnel\"}]},{\"@type\":\"WebSite\",\"@id\":\"https:\/\/pslzero6.net\/#website\",\"url\":\"https:\/\/pslzero6.net\/\",\"name\":\"PSL Zero6\",\"description\":\"\",\"publisher\":{\"@id\":\"https:\/\/pslzero6.net\/#organization\"},\"potentialAction\":[{\"@type\":\"SearchAction\",\"target\":{\"@type\":\"EntryPoint\",\"urlTemplate\":\"https:\/\/pslzero6.net\/?s={search_term_string}\"},\"query-input\":{\"@type\":\"PropertyValueSpecification\",\"valueRequired\":true,\"valueName\":\"search_term_string\"}}],\"inLanguage\":\"fr-FR\"},{\"@type\":\"Organization\",\"@id\":\"https:\/\/pslzero6.net\/#organization\",\"name\":\"PSL Zero6\",\"url\":\"https:\/\/pslzero6.net\/\",\"logo\":{\"@type\":\"ImageObject\",\"inLanguage\":\"fr-FR\",\"@id\":\"https:\/\/pslzero6.net\/#\/schema\/logo\/image\/\",\"url\":\"https:\/\/pslzero6.net\/wp-content\/uploads\/2024\/10\/Logo-PSL-zerosei.png\",\"contentUrl\":\"https:\/\/pslzero6.net\/wp-content\/uploads\/2024\/10\/Logo-PSL-zerosei.png\",\"width\":328,\"height\":152,\"caption\":\"PSL Zero6\"},\"image\":{\"@id\":\"https:\/\/pslzero6.net\/#\/schema\/logo\/image\/\"}}]}<\/script>\n<!-- \/ Yoast SEO plugin. -->","yoast_head_json":{"title":"Infanzia Magazine \u2013 Abonnement annuel professionnel - PSL Zero6","robots":{"index":"noindex","follow":"follow"},"og_locale":"fr_FR","og_type":"article","og_title":"Infanzia Magazine \u2013 Abonnement annuel professionnel - PSL Zero6","og_description":"Depuis quarante ans, *Bambini* constitue la revue de r\u00e9f\u00e9rence pour tous les acteurs de l&rsquo;\u00e9ducation de la petite enfance (0-6 ans). Elle incarne la diversit\u00e9 des professionnels d\u00e9di\u00e9s au monde de la petite enfance \u2014 des \u00e9ducateurs de cr\u00e8che et enseignants de maternelle aux professeurs d&rsquo;universit\u00e9 et chercheurs \u2014 en rassemblant des contributions et des r\u00e9flexions issues de diverses disciplines, en pr\u00e9sentant les derni\u00e8res recherches dans le domaine \u00e9ducatif et en partageant les exp\u00e9riences de cr\u00e8ches et d&rsquo;\u00e9coles maternelles locales. L&rsquo;abonnement individuel, dans le cadre de la formule \u00ab PROFESSIONNEL \u00bb, s&rsquo;adresse \u00e0 un particulier (personne physique). Cet abonnement est valable pour une dur\u00e9e d&rsquo;un an (10 num\u00e9ros) ; il d\u00e9bute avec le premier num\u00e9ro publi\u00e9 apr\u00e8s r\u00e9ception du paiement et inclut l&rsquo;acc\u00e8s \u00e0 l&rsquo;\u00e9dition num\u00e9rique de la revue. Il est possible de souscrire un abonnement \u00e0 tout moment de l&rsquo;ann\u00e9e. La revue ne para\u00eet pas durant les mois de juillet et d&rsquo;ao\u00fbt. La formule PROFESSIONNEL donne acc\u00e8s \u00e0 des archives exclusives, organis\u00e9es comme suit : La rubrique In-comprensioni (tous les articles \u00e0 partir de 2023), anim\u00e9e par Daniela Mainetti, Elisabetta Marazzi et Alessia Todeschini La rubrique Le parole dell&rsquo;educazione (tous les articles \u00e0 partir de 2018) La collection Quaderni di Bambini Les \u00e9ditoriaux de Monica Guerra (tous les articles \u00e0 partir de 2015)","og_url":"https:\/\/pslzero6.net\/fr\/produit\/rivista-infanzia-abbonamento-annuale-professional\/","og_site_name":"PSL Zero6","article_modified_time":"2026-03-18T13:44:49+00:00","og_image":[{"width":1950,"height":2136,"url":"https:\/\/pslzero6.net\/wp-content\/uploads\/2025\/08\/Immagine6.jpg","type":"image\/jpeg"}],"twitter_card":"summary_large_image","twitter_misc":{"Dur\u00e9e de lecture estim\u00e9e":"2 minutes"},"schema":{"@context":"https:\/\/schema.org","@graph":[{"@type":"WebPage","@id":"https:\/\/pslzero6.net\/fr\/produit\/rivista-infanzia-abbonamento-annuale-professional\/","url":"https:\/\/pslzero6.net\/fr\/produit\/rivista-infanzia-abbonamento-annuale-professional\/","name":"Infanzia Magazine \u2013 Abonnement annuel professionnel - PSL Zero6","isPartOf":{"@id":"https:\/\/pslzero6.net\/#website"},"primaryImageOfPage":{"@id":"https:\/\/pslzero6.net\/fr\/produit\/rivista-infanzia-abbonamento-annuale-professional\/#primaryimage"},"image":{"@id":"https:\/\/pslzero6.net\/fr\/produit\/rivista-infanzia-abbonamento-annuale-professional\/#primaryimage"},"thumbnailUrl":"https:\/\/pslzero6.net\/wp-content\/uploads\/2025\/08\/Immagine6.jpg","datePublished":"2025-08-04T14:02:42+00:00","dateModified":"2026-03-18T13:44:49+00:00","breadcrumb":{"@id":"https:\/\/pslzero6.net\/fr\/produit\/rivista-infanzia-abbonamento-annuale-professional\/#breadcrumb"},"inLanguage":"fr-FR","potentialAction":[{"@type":"ReadAction","target":["https:\/\/pslzero6.net\/fr\/produit\/rivista-infanzia-abbonamento-annuale-professional\/"]}]},{"@type":"ImageObject","inLanguage":"fr-FR","@id":"https:\/\/pslzero6.net\/fr\/produit\/rivista-infanzia-abbonamento-annuale-professional\/#primaryimage","url":"https:\/\/pslzero6.net\/wp-content\/uploads\/2025\/08\/Immagine6.jpg","contentUrl":"https:\/\/pslzero6.net\/wp-content\/uploads\/2025\/08\/Immagine6.jpg","width":1950,"height":2136},{"@type":"BreadcrumbList","@id":"https:\/\/pslzero6.net\/fr\/produit\/rivista-infanzia-abbonamento-annuale-professional\/#breadcrumb","itemListElement":[{"@type":"ListItem","position":1,"name":"Home","item":"https:\/\/pslzero6.net\/fr\/"},{"@type":"ListItem","position":2,"name":"Products","item":"https:\/\/pslzero6.net\/shop\/"},{"@type":"ListItem","position":3,"name":"Infanzia Magazine \u2013 Abonnement annuel professionnel"}]},{"@type":"WebSite","@id":"https:\/\/pslzero6.net\/#website","url":"https:\/\/pslzero6.net\/","name":"PSL Zero6","description":"","publisher":{"@id":"https:\/\/pslzero6.net\/#organization"},"potentialAction":[{"@type":"SearchAction","target":{"@type":"EntryPoint","urlTemplate":"https:\/\/pslzero6.net\/?s={search_term_string}"},"query-input":{"@type":"PropertyValueSpecification","valueRequired":true,"valueName":"search_term_string"}}],"inLanguage":"fr-FR"},{"@type":"Organization","@id":"https:\/\/pslzero6.net\/#organization","name":"PSL Zero6","url":"https:\/\/pslzero6.net\/","logo":{"@type":"ImageObject","inLanguage":"fr-FR","@id":"https:\/\/pslzero6.net\/#\/schema\/logo\/image\/","url":"https:\/\/pslzero6.net\/wp-content\/uploads\/2024\/10\/Logo-PSL-zerosei.png","contentUrl":"https:\/\/pslzero6.net\/wp-content\/uploads\/2024\/10\/Logo-PSL-zerosei.png","width":328,"height":152,"caption":"PSL Zero6"},"image":{"@id":"https:\/\/pslzero6.net\/#\/schema\/logo\/image\/"}}]}},"_links":{"self":[{"href":"https:\/\/pslzero6.net\/fr\/wp-json\/wp\/v2\/product\/19488","targetHints":{"allow":["GET"]}}],"collection":[{"href":"https:\/\/pslzero6.net\/fr\/wp-json\/wp\/v2\/product"}],"about":[{"href":"https:\/\/pslzero6.net\/fr\/wp-json\/wp\/v2\/types\/product"}],"replies":[{"embeddable":true,"href":"https:\/\/pslzero6.net\/fr\/wp-json\/wp\/v2\/comments?post=19488"}],"wp:featuredmedia":[{"embeddable":true,"href":"https:\/\/pslzero6.net\/fr\/wp-json\/wp\/v2\/media\/19489"}],"wp:attachment":[{"href":"https:\/\/pslzero6.net\/fr\/wp-json\/wp\/v2\/media?parent=19488"}],"wp:term":[{"taxonomy":"article-tag","embeddable":true,"href":"https:\/\/pslzero6.net\/fr\/wp-json\/wp\/v2\/article-tag?post=19488"},{"taxonomy":"book-tag","embeddable":true,"href":"https:\/\/pslzero6.net\/fr\/wp-json\/wp\/v2\/book-tag?post=19488"},{"taxonomy":"corsi-tag","embeddable":true,"href":"https:\/\/pslzero6.net\/fr\/wp-json\/wp\/v2\/corsi-tag?post=19488"},{"taxonomy":"live-tag","embeddable":true,"href":"https:\/\/pslzero6.net\/fr\/wp-json\/wp\/v2\/live-tag?post=19488"},{"taxonomy":"podcast-tag","embeddable":true,"href":"https:\/\/pslzero6.net\/fr\/wp-json\/wp\/v2\/podcast-tag?post=19488"},{"taxonomy":"product_brand","embeddable":true,"href":"https:\/\/pslzero6.net\/fr\/wp-json\/wp\/v2\/product_brand?post=19488"},{"taxonomy":"product_cat","embeddable":true,"href":"https:\/\/pslzero6.net\/fr\/wp-json\/wp\/v2\/product_cat?post=19488"},{"taxonomy":"product_tag","embeddable":true,"href":"https:\/\/pslzero6.net\/fr\/wp-json\/wp\/v2\/product_tag?post=19488"}],"curies":[{"name":"wp","href":"https:\/\/api.w.org\/{rel}","templated":true}]}}