{"id":19186,"date":"2025-08-04T14:57:34","date_gmt":"2025-08-04T12:57:34","guid":{"rendered":"https:\/\/pslzero6.net\/product\/rivista-bambini-abbonamento-annuale-professional\/"},"modified":"2026-03-18T10:22:45","modified_gmt":"2026-03-18T09:22:45","slug":"abonnement-annuel-professionnel-a-un-magazine-pour-enfants","status":"publish","type":"product","link":"https:\/\/pslzero6.net\/fr\/produit\/abonnement-annuel-professionnel-a-un-magazine-pour-enfants\/","title":{"rendered":"Abonnement annuel professionnel \u00e0 un magazine pour enfants"},"content":{"rendered":"<p align=\"justify\">Depuis quarante ans, <em>Bambini<\/em> est la principale revue de r\u00e9f\u00e9rence pour les professionnels de l\u2019\u00e9ducation de la petite enfance, de la naissance \u00e0 6 ans. Elle repr\u00e9sente l\u2019ensemble des professionnels qui exercent diff\u00e9rentes fonctions dans le monde de l\u2019enfance (des \u00e9ducateurs de cr\u00e8che et d\u2019\u00e9cole maternelle aux enseignants universitaires et chercheurs). Elle rassemble des contributions et des r\u00e9flexions issues de plusieurs disciplines, pr\u00e9sente les recherches \u00e9ducatives les plus r\u00e9centes et partage des exp\u00e9riences de cr\u00e8ches et d\u2019\u00e9coles maternelles locales.<\/p>\n<p align=\"justify\">L\u2019abonnement individuel <b>\u00ab PROFESSIONNEL \u00bb<\/b> est destin\u00e9 \u00e0 une seule personne.<\/p>\n<p>L\u2019abonnement est valable un an (<b>10 num\u00e9ros<\/b>), \u00e0 compter du premier num\u00e9ro publi\u00e9 apr\u00e8s la r\u00e9ception du paiement, et comprend l\u2019acc\u00e8s \u00e0 l\u2019\u00e9dition <b>num\u00e9rique<\/b> de la revue.<\/p>\n<p align=\"justify\">L\u2019abonnement peut \u00eatre souscrit \u00e0 tout moment de l\u2019ann\u00e9e.<br \/>\nLa revue n\u2019est pas publi\u00e9e en juillet et en ao\u00fbt.<\/p>\n<p align=\"justify\">La formule <strong>PROFESSIONNELLE<\/strong> comprend l\u2019acc\u00e8s \u00e0 des archives exclusives, comme suit :<\/p>\n<ul>\n<li>la rubrique <strong>In-comprensioni<\/strong> (tous les articles \u00e0 partir de 2023) de Daniela Mainetti, Elisabetta Marazzi et Alessia Todeschini<\/li>\n<li>la rubrique <strong>Words of Education<\/strong> (tous les articles \u00e0 partir de 2018)<\/li>\n<li>les <strong>Cahiers de l\u2019enfance<\/strong><\/li>\n<li>les <strong>\u00c9ditoriaux de Monica Guerra<\/strong> (tous les articles \u00e0 partir de 2015)<\/li>\n<\/ul>\n","protected":false},"excerpt":{"rendered":"<p>Abbonamento annuale &#8211; Formula Professional<\/p>\n","protected":false},"featured_media":19188,"comment_status":"open","ping_status":"closed","template":"","meta":{"_acf_changed":false,"inline_featured_image":false},"article-tag":[],"book-tag":[],"corsi-tag":[],"live-tag":[],"podcast-tag":[],"product_brand":[],"product_cat":[281],"product_tag":[],"class_list":{"0":"post-19186","1":"product","2":"type-product","3":"status-publish","4":"has-post-thumbnail","6":"product_cat-abbonamenti-riviste-fr","8":"first","9":"instock","10":"virtual","11":"sold-individually","12":"taxable","13":"purchasable","14":"product-type-subscription"},"acf":[],"yoast_head":"<!-- This site is optimized with the Yoast SEO plugin v26.1.1 - https:\/\/yoast.com\/wordpress\/plugins\/seo\/ -->\n<title>Abonnement annuel professionnel \u00e0 un magazine pour enfants - PSL Zero6<\/title>\n<meta name=\"robots\" content=\"noindex, follow\" \/>\n<meta property=\"og:locale\" content=\"fr_FR\" \/>\n<meta property=\"og:type\" content=\"article\" \/>\n<meta property=\"og:title\" content=\"Abonnement annuel professionnel \u00e0 un magazine pour enfants - PSL Zero6\" \/>\n<meta property=\"og:description\" content=\"Abbonamento annuale - Formula Professional\" \/>\n<meta property=\"og:url\" content=\"https:\/\/pslzero6.net\/fr\/produit\/abonnement-annuel-professionnel-a-un-magazine-pour-enfants\/\" \/>\n<meta property=\"og:site_name\" content=\"PSL Zero6\" \/>\n<meta property=\"article:modified_time\" content=\"2026-03-18T09:22:45+00:00\" \/>\n<meta property=\"og:image\" content=\"https:\/\/pslzero6.net\/wp-content\/uploads\/2025\/05\/Immagine6.jpg\" \/>\n\t<meta property=\"og:image:width\" content=\"1950\" \/>\n\t<meta property=\"og:image:height\" content=\"2136\" \/>\n\t<meta property=\"og:image:type\" content=\"image\/jpeg\" \/>\n<meta name=\"twitter:card\" content=\"summary_large_image\" \/>\n<meta name=\"twitter:label1\" content=\"Dur\u00e9e de lecture estim\u00e9e\" \/>\n\t<meta name=\"twitter:data1\" content=\"2 minutes\" \/>\n<script type=\"application\/ld+json\" class=\"yoast-schema-graph\">{\"@context\":\"https:\/\/schema.org\",\"@graph\":[{\"@type\":\"WebPage\",\"@id\":\"https:\/\/pslzero6.net\/fr\/produit\/abonnement-annuel-professionnel-a-un-magazine-pour-enfants\/\",\"url\":\"https:\/\/pslzero6.net\/fr\/produit\/abonnement-annuel-professionnel-a-un-magazine-pour-enfants\/\",\"name\":\"Abonnement annuel professionnel \u00e0 un magazine pour enfants - PSL Zero6\",\"isPartOf\":{\"@id\":\"https:\/\/pslzero6.net\/#website\"},\"primaryImageOfPage\":{\"@id\":\"https:\/\/pslzero6.net\/fr\/produit\/abonnement-annuel-professionnel-a-un-magazine-pour-enfants\/#primaryimage\"},\"image\":{\"@id\":\"https:\/\/pslzero6.net\/fr\/produit\/abonnement-annuel-professionnel-a-un-magazine-pour-enfants\/#primaryimage\"},\"thumbnailUrl\":\"https:\/\/pslzero6.net\/wp-content\/uploads\/2025\/05\/Immagine6.jpg\",\"datePublished\":\"2025-08-04T12:57:34+00:00\",\"dateModified\":\"2026-03-18T09:22:45+00:00\",\"breadcrumb\":{\"@id\":\"https:\/\/pslzero6.net\/fr\/produit\/abonnement-annuel-professionnel-a-un-magazine-pour-enfants\/#breadcrumb\"},\"inLanguage\":\"fr-FR\",\"potentialAction\":[{\"@type\":\"ReadAction\",\"target\":[\"https:\/\/pslzero6.net\/fr\/produit\/abonnement-annuel-professionnel-a-un-magazine-pour-enfants\/\"]}]},{\"@type\":\"ImageObject\",\"inLanguage\":\"fr-FR\",\"@id\":\"https:\/\/pslzero6.net\/fr\/produit\/abonnement-annuel-professionnel-a-un-magazine-pour-enfants\/#primaryimage\",\"url\":\"https:\/\/pslzero6.net\/wp-content\/uploads\/2025\/05\/Immagine6.jpg\",\"contentUrl\":\"https:\/\/pslzero6.net\/wp-content\/uploads\/2025\/05\/Immagine6.jpg\",\"width\":1950,\"height\":2136},{\"@type\":\"BreadcrumbList\",\"@id\":\"https:\/\/pslzero6.net\/fr\/produit\/abonnement-annuel-professionnel-a-un-magazine-pour-enfants\/#breadcrumb\",\"itemListElement\":[{\"@type\":\"ListItem\",\"position\":1,\"name\":\"Home\",\"item\":\"https:\/\/pslzero6.net\/fr\/\"},{\"@type\":\"ListItem\",\"position\":2,\"name\":\"Products\",\"item\":\"https:\/\/pslzero6.net\/shop\/\"},{\"@type\":\"ListItem\",\"position\":3,\"name\":\"Abonnement annuel professionnel \u00e0 un magazine pour enfants\"}]},{\"@type\":\"WebSite\",\"@id\":\"https:\/\/pslzero6.net\/#website\",\"url\":\"https:\/\/pslzero6.net\/\",\"name\":\"PSL Zero6\",\"description\":\"\",\"publisher\":{\"@id\":\"https:\/\/pslzero6.net\/#organization\"},\"potentialAction\":[{\"@type\":\"SearchAction\",\"target\":{\"@type\":\"EntryPoint\",\"urlTemplate\":\"https:\/\/pslzero6.net\/?s={search_term_string}\"},\"query-input\":{\"@type\":\"PropertyValueSpecification\",\"valueRequired\":true,\"valueName\":\"search_term_string\"}}],\"inLanguage\":\"fr-FR\"},{\"@type\":\"Organization\",\"@id\":\"https:\/\/pslzero6.net\/#organization\",\"name\":\"PSL Zero6\",\"url\":\"https:\/\/pslzero6.net\/\",\"logo\":{\"@type\":\"ImageObject\",\"inLanguage\":\"fr-FR\",\"@id\":\"https:\/\/pslzero6.net\/#\/schema\/logo\/image\/\",\"url\":\"https:\/\/pslzero6.net\/wp-content\/uploads\/2024\/10\/Logo-PSL-zerosei.png\",\"contentUrl\":\"https:\/\/pslzero6.net\/wp-content\/uploads\/2024\/10\/Logo-PSL-zerosei.png\",\"width\":328,\"height\":152,\"caption\":\"PSL Zero6\"},\"image\":{\"@id\":\"https:\/\/pslzero6.net\/#\/schema\/logo\/image\/\"}}]}<\/script>\n<!-- \/ Yoast SEO plugin. -->","yoast_head_json":{"title":"Abonnement annuel professionnel \u00e0 un magazine pour enfants - PSL Zero6","robots":{"index":"noindex","follow":"follow"},"og_locale":"fr_FR","og_type":"article","og_title":"Abonnement annuel professionnel \u00e0 un magazine pour enfants - PSL Zero6","og_description":"Abbonamento annuale - Formula Professional","og_url":"https:\/\/pslzero6.net\/fr\/produit\/abonnement-annuel-professionnel-a-un-magazine-pour-enfants\/","og_site_name":"PSL Zero6","article_modified_time":"2026-03-18T09:22:45+00:00","og_image":[{"width":1950,"height":2136,"url":"https:\/\/pslzero6.net\/wp-content\/uploads\/2025\/05\/Immagine6.jpg","type":"image\/jpeg"}],"twitter_card":"summary_large_image","twitter_misc":{"Dur\u00e9e de lecture estim\u00e9e":"2 minutes"},"schema":{"@context":"https:\/\/schema.org","@graph":[{"@type":"WebPage","@id":"https:\/\/pslzero6.net\/fr\/produit\/abonnement-annuel-professionnel-a-un-magazine-pour-enfants\/","url":"https:\/\/pslzero6.net\/fr\/produit\/abonnement-annuel-professionnel-a-un-magazine-pour-enfants\/","name":"Abonnement annuel professionnel \u00e0 un magazine pour enfants - PSL Zero6","isPartOf":{"@id":"https:\/\/pslzero6.net\/#website"},"primaryImageOfPage":{"@id":"https:\/\/pslzero6.net\/fr\/produit\/abonnement-annuel-professionnel-a-un-magazine-pour-enfants\/#primaryimage"},"image":{"@id":"https:\/\/pslzero6.net\/fr\/produit\/abonnement-annuel-professionnel-a-un-magazine-pour-enfants\/#primaryimage"},"thumbnailUrl":"https:\/\/pslzero6.net\/wp-content\/uploads\/2025\/05\/Immagine6.jpg","datePublished":"2025-08-04T12:57:34+00:00","dateModified":"2026-03-18T09:22:45+00:00","breadcrumb":{"@id":"https:\/\/pslzero6.net\/fr\/produit\/abonnement-annuel-professionnel-a-un-magazine-pour-enfants\/#breadcrumb"},"inLanguage":"fr-FR","potentialAction":[{"@type":"ReadAction","target":["https:\/\/pslzero6.net\/fr\/produit\/abonnement-annuel-professionnel-a-un-magazine-pour-enfants\/"]}]},{"@type":"ImageObject","inLanguage":"fr-FR","@id":"https:\/\/pslzero6.net\/fr\/produit\/abonnement-annuel-professionnel-a-un-magazine-pour-enfants\/#primaryimage","url":"https:\/\/pslzero6.net\/wp-content\/uploads\/2025\/05\/Immagine6.jpg","contentUrl":"https:\/\/pslzero6.net\/wp-content\/uploads\/2025\/05\/Immagine6.jpg","width":1950,"height":2136},{"@type":"BreadcrumbList","@id":"https:\/\/pslzero6.net\/fr\/produit\/abonnement-annuel-professionnel-a-un-magazine-pour-enfants\/#breadcrumb","itemListElement":[{"@type":"ListItem","position":1,"name":"Home","item":"https:\/\/pslzero6.net\/fr\/"},{"@type":"ListItem","position":2,"name":"Products","item":"https:\/\/pslzero6.net\/shop\/"},{"@type":"ListItem","position":3,"name":"Abonnement annuel professionnel \u00e0 un magazine pour enfants"}]},{"@type":"WebSite","@id":"https:\/\/pslzero6.net\/#website","url":"https:\/\/pslzero6.net\/","name":"PSL Zero6","description":"","publisher":{"@id":"https:\/\/pslzero6.net\/#organization"},"potentialAction":[{"@type":"SearchAction","target":{"@type":"EntryPoint","urlTemplate":"https:\/\/pslzero6.net\/?s={search_term_string}"},"query-input":{"@type":"PropertyValueSpecification","valueRequired":true,"valueName":"search_term_string"}}],"inLanguage":"fr-FR"},{"@type":"Organization","@id":"https:\/\/pslzero6.net\/#organization","name":"PSL Zero6","url":"https:\/\/pslzero6.net\/","logo":{"@type":"ImageObject","inLanguage":"fr-FR","@id":"https:\/\/pslzero6.net\/#\/schema\/logo\/image\/","url":"https:\/\/pslzero6.net\/wp-content\/uploads\/2024\/10\/Logo-PSL-zerosei.png","contentUrl":"https:\/\/pslzero6.net\/wp-content\/uploads\/2024\/10\/Logo-PSL-zerosei.png","width":328,"height":152,"caption":"PSL Zero6"},"image":{"@id":"https:\/\/pslzero6.net\/#\/schema\/logo\/image\/"}}]}},"_links":{"self":[{"href":"https:\/\/pslzero6.net\/fr\/wp-json\/wp\/v2\/product\/19186","targetHints":{"allow":["GET"]}}],"collection":[{"href":"https:\/\/pslzero6.net\/fr\/wp-json\/wp\/v2\/product"}],"about":[{"href":"https:\/\/pslzero6.net\/fr\/wp-json\/wp\/v2\/types\/product"}],"replies":[{"embeddable":true,"href":"https:\/\/pslzero6.net\/fr\/wp-json\/wp\/v2\/comments?post=19186"}],"wp:featuredmedia":[{"embeddable":true,"href":"https:\/\/pslzero6.net\/fr\/wp-json\/wp\/v2\/media\/19188"}],"wp:attachment":[{"href":"https:\/\/pslzero6.net\/fr\/wp-json\/wp\/v2\/media?parent=19186"}],"wp:term":[{"taxonomy":"article-tag","embeddable":true,"href":"https:\/\/pslzero6.net\/fr\/wp-json\/wp\/v2\/article-tag?post=19186"},{"taxonomy":"book-tag","embeddable":true,"href":"https:\/\/pslzero6.net\/fr\/wp-json\/wp\/v2\/book-tag?post=19186"},{"taxonomy":"corsi-tag","embeddable":true,"href":"https:\/\/pslzero6.net\/fr\/wp-json\/wp\/v2\/corsi-tag?post=19186"},{"taxonomy":"live-tag","embeddable":true,"href":"https:\/\/pslzero6.net\/fr\/wp-json\/wp\/v2\/live-tag?post=19186"},{"taxonomy":"podcast-tag","embeddable":true,"href":"https:\/\/pslzero6.net\/fr\/wp-json\/wp\/v2\/podcast-tag?post=19186"},{"taxonomy":"product_brand","embeddable":true,"href":"https:\/\/pslzero6.net\/fr\/wp-json\/wp\/v2\/product_brand?post=19186"},{"taxonomy":"product_cat","embeddable":true,"href":"https:\/\/pslzero6.net\/fr\/wp-json\/wp\/v2\/product_cat?post=19186"},{"taxonomy":"product_tag","embeddable":true,"href":"https:\/\/pslzero6.net\/fr\/wp-json\/wp\/v2\/product_tag?post=19186"}],"curies":[{"name":"wp","href":"https:\/\/api.w.org\/{rel}","templated":true}]}}