{"id":9134,"date":"2024-11-11T08:20:56","date_gmt":"2024-11-11T07:20:56","guid":{"rendered":"https:\/\/pslzero6.net\/register\/"},"modified":"2025-11-27T13:31:49","modified_gmt":"2025-11-27T12:31:49","slug":"register","status":"publish","type":"page","link":"https:\/\/pslzero6.net\/fr\/register\/","title":{"rendered":"Inscription"},"content":{"rendered":"\t\t<div data-elementor-type=\"wp-page\" data-elementor-id=\"9134\" class=\"elementor elementor-9134 elementor-1181\" data-elementor-settings=\"{&quot;ha_cmc_init_switcher&quot;:&quot;no&quot;}\">\n\t\t\t\t<div class=\"elementor-element elementor-element-6ee48c3 e-con-full e-flex wpr-particle-no wpr-jarallax-no wpr-parallax-no wpr-sticky-section-no e-con e-parent\" data-id=\"6ee48c3\" data-element_type=\"container\" data-settings=\"{&quot;background_background&quot;:&quot;classic&quot;,&quot;_ha_eqh_enable&quot;:false}\">\n\t\t<div class=\"elementor-element elementor-element-8b8fd7b e-flex e-con-boxed wpr-particle-no wpr-jarallax-no wpr-parallax-no wpr-sticky-section-no e-con e-child\" data-id=\"8b8fd7b\" data-element_type=\"container\" data-settings=\"{&quot;_ha_eqh_enable&quot;:false}\">\n\t\t\t\t\t<div class=\"e-con-inner\">\n\t\t\t\t<div class=\"elementor-element elementor-element-64c87f0 elementor-widget elementor-widget-heading\" data-id=\"64c87f0\" data-element_type=\"widget\" data-widget_type=\"heading.default\">\n\t\t\t\t<div class=\"elementor-widget-container\">\n\t\t\t\t\t<h3 class=\"elementor-heading-title elementor-size-default\">inscription<\/h3>\t\t\t\t<\/div>\n\t\t\t\t<\/div>\n\t\t\t\t<div class=\"elementor-element elementor-element-902e74f elementor-widget elementor-widget-heading\" data-id=\"902e74f\" data-element_type=\"widget\" data-widget_type=\"heading.default\">\n\t\t\t\t<div class=\"elementor-widget-container\">\n\t\t\t\t\t<h2 class=\"elementor-heading-title elementor-size-default\">Choisissez le forfait qui vous convient le mieux, \u00e0 vous et \u00e0 votre \u00e9quipe.<\/h2>\t\t\t\t<\/div>\n\t\t\t\t<\/div>\n\t\t\t\t\t<\/div>\n\t\t\t\t<\/div>\n\t\t\t\t<\/div>\n\t\t\t\t<\/div>\n\t\t","protected":false},"excerpt":{"rendered":"<p>inscription Choisissez le forfait qui vous convient le mieux, \u00e0 vous et \u00e0 votre \u00e9quipe.<\/p>\n","protected":false},"author":1,"featured_media":9076,"parent":0,"menu_order":0,"comment_status":"closed","ping_status":"closed","template":"templates\/template-registeration-user.php","meta":{"_acf_changed":false,"inline_featured_image":false,"footnotes":""},"class_list":["post-9134","page","type-page","status-publish","has-post-thumbnail","hentry"],"acf":[],"yoast_head":"<!-- This site is optimized with the Yoast SEO plugin v26.1.1 - https:\/\/yoast.com\/wordpress\/plugins\/seo\/ -->\n<title>Registrazione - PSL | Professional Social Learning Zero6<\/title>\n<meta name=\"description\" content=\"Scegli l&#039;abbonamento su misura per te su PSL Zero6: vantaggi esclusivi e contenuti premium ti aspettano. Scopri di pi\u00f9!\" \/>\n<meta name=\"robots\" content=\"index, follow, max-snippet:-1, max-image-preview:large, max-video-preview:-1\" \/>\n<link rel=\"canonical\" href=\"https:\/\/pslzero6.net\/fr\/register\/\" \/>\n<meta property=\"og:locale\" content=\"fr_FR\" \/>\n<meta property=\"og:type\" content=\"article\" \/>\n<meta property=\"og:title\" content=\"Registrazione - PSL | Professional Social Learning Zero6\" \/>\n<meta property=\"og:description\" content=\"Scegli l&#039;abbonamento su misura per te su PSL Zero6: vantaggi esclusivi e contenuti premium ti aspettano. Scopri di pi\u00f9!\" \/>\n<meta property=\"og:url\" content=\"https:\/\/pslzero6.net\/fr\/register\/\" \/>\n<meta property=\"og:site_name\" content=\"PSL Zero6\" \/>\n<meta property=\"article:modified_time\" content=\"2025-11-27T12:31:49+00:00\" \/>\n<meta property=\"og:image\" content=\"https:\/\/pslzero6.net\/wp-content\/uploads\/2025\/05\/slide-2.jpg\" \/>\n\t<meta property=\"og:image:width\" content=\"1920\" \/>\n\t<meta property=\"og:image:height\" content=\"950\" \/>\n\t<meta property=\"og:image:type\" content=\"image\/jpeg\" \/>\n<meta name=\"twitter:card\" content=\"summary_large_image\" \/>\n<meta name=\"twitter:title\" content=\"Registrazione - PSL | Professional Social Learning Zero6\" \/>\n<meta name=\"twitter:description\" content=\"Scegli l&#039;abbonamento su misura per te su PSL Zero6: vantaggi esclusivi e contenuti premium ti aspettano. Scopri di pi\u00f9!\" \/>\n<meta name=\"twitter:image\" content=\"https:\/\/pslzero6.net\/wp-content\/uploads\/2025\/05\/slide-2.jpg\" \/>\n<meta name=\"twitter:label1\" content=\"Dur\u00e9e de lecture estim\u00e9e\" \/>\n\t<meta name=\"twitter:data1\" content=\"1 minute\" \/>\n<script type=\"application\/ld+json\" class=\"yoast-schema-graph\">{\"@context\":\"https:\/\/schema.org\",\"@graph\":[{\"@type\":\"WebPage\",\"@id\":\"https:\/\/pslzero6.net\/fr\/register\/\",\"url\":\"https:\/\/pslzero6.net\/fr\/register\/\",\"name\":\"Registrazione - PSL | Professional Social Learning Zero6\",\"isPartOf\":{\"@id\":\"https:\/\/pslzero6.net\/#website\"},\"primaryImageOfPage\":{\"@id\":\"https:\/\/pslzero6.net\/fr\/register\/#primaryimage\"},\"image\":{\"@id\":\"https:\/\/pslzero6.net\/fr\/register\/#primaryimage\"},\"thumbnailUrl\":\"https:\/\/pslzero6.net\/wp-content\/uploads\/2025\/03\/slide-2.jpg\",\"datePublished\":\"2024-11-11T07:20:56+00:00\",\"dateModified\":\"2025-11-27T12:31:49+00:00\",\"description\":\"Scegli l'abbonamento su misura per te su PSL Zero6: vantaggi esclusivi e contenuti premium ti aspettano. Scopri di pi\u00f9!\",\"breadcrumb\":{\"@id\":\"https:\/\/pslzero6.net\/fr\/register\/#breadcrumb\"},\"inLanguage\":\"fr-FR\",\"potentialAction\":[{\"@type\":\"ReadAction\",\"target\":[\"https:\/\/pslzero6.net\/fr\/register\/\"]}]},{\"@type\":\"ImageObject\",\"inLanguage\":\"fr-FR\",\"@id\":\"https:\/\/pslzero6.net\/fr\/register\/#primaryimage\",\"url\":\"https:\/\/pslzero6.net\/wp-content\/uploads\/2025\/03\/slide-2.jpg\",\"contentUrl\":\"https:\/\/pslzero6.net\/wp-content\/uploads\/2025\/03\/slide-2.jpg\",\"width\":1920,\"height\":950},{\"@type\":\"BreadcrumbList\",\"@id\":\"https:\/\/pslzero6.net\/fr\/register\/#breadcrumb\",\"itemListElement\":[{\"@type\":\"ListItem\",\"position\":1,\"name\":\"Home\",\"item\":\"https:\/\/pslzero6.net\/fr\/\"},{\"@type\":\"ListItem\",\"position\":2,\"name\":\"Inscription\"}]},{\"@type\":\"WebSite\",\"@id\":\"https:\/\/pslzero6.net\/#website\",\"url\":\"https:\/\/pslzero6.net\/\",\"name\":\"PSL Zero6\",\"description\":\"\",\"publisher\":{\"@id\":\"https:\/\/pslzero6.net\/#organization\"},\"potentialAction\":[{\"@type\":\"SearchAction\",\"target\":{\"@type\":\"EntryPoint\",\"urlTemplate\":\"https:\/\/pslzero6.net\/?s={search_term_string}\"},\"query-input\":{\"@type\":\"PropertyValueSpecification\",\"valueRequired\":true,\"valueName\":\"search_term_string\"}}],\"inLanguage\":\"fr-FR\"},{\"@type\":\"Organization\",\"@id\":\"https:\/\/pslzero6.net\/#organization\",\"name\":\"PSL Zero6\",\"url\":\"https:\/\/pslzero6.net\/\",\"logo\":{\"@type\":\"ImageObject\",\"inLanguage\":\"fr-FR\",\"@id\":\"https:\/\/pslzero6.net\/#\/schema\/logo\/image\/\",\"url\":\"https:\/\/pslzero6.net\/wp-content\/uploads\/2024\/10\/Logo-PSL-zerosei.png\",\"contentUrl\":\"https:\/\/pslzero6.net\/wp-content\/uploads\/2024\/10\/Logo-PSL-zerosei.png\",\"width\":328,\"height\":152,\"caption\":\"PSL Zero6\"},\"image\":{\"@id\":\"https:\/\/pslzero6.net\/#\/schema\/logo\/image\/\"}}]}<\/script>\n<!-- \/ Yoast SEO plugin. -->","yoast_head_json":{"title":"Registrazione - PSL | Professional Social Learning Zero6","description":"Scegli l'abbonamento su misura per te su PSL Zero6: vantaggi esclusivi e contenuti premium ti aspettano. Scopri di pi\u00f9!","robots":{"index":"index","follow":"follow","max-snippet":"max-snippet:-1","max-image-preview":"max-image-preview:large","max-video-preview":"max-video-preview:-1"},"canonical":"https:\/\/pslzero6.net\/fr\/register\/","og_locale":"fr_FR","og_type":"article","og_title":"Registrazione - PSL | Professional Social Learning Zero6","og_description":"Scegli l'abbonamento su misura per te su PSL Zero6: vantaggi esclusivi e contenuti premium ti aspettano. Scopri di pi\u00f9!","og_url":"https:\/\/pslzero6.net\/fr\/register\/","og_site_name":"PSL Zero6","article_modified_time":"2025-11-27T12:31:49+00:00","og_image":[{"width":1920,"height":950,"url":"https:\/\/pslzero6.net\/wp-content\/uploads\/2025\/05\/slide-2.jpg","type":"image\/jpeg"}],"twitter_card":"summary_large_image","twitter_title":"Registrazione - PSL | Professional Social Learning Zero6","twitter_description":"Scegli l'abbonamento su misura per te su PSL Zero6: vantaggi esclusivi e contenuti premium ti aspettano. Scopri di pi\u00f9!","twitter_image":"https:\/\/pslzero6.net\/wp-content\/uploads\/2025\/05\/slide-2.jpg","twitter_misc":{"Dur\u00e9e de lecture estim\u00e9e":"1 minute"},"schema":{"@context":"https:\/\/schema.org","@graph":[{"@type":"WebPage","@id":"https:\/\/pslzero6.net\/fr\/register\/","url":"https:\/\/pslzero6.net\/fr\/register\/","name":"Registrazione - PSL | Professional Social Learning Zero6","isPartOf":{"@id":"https:\/\/pslzero6.net\/#website"},"primaryImageOfPage":{"@id":"https:\/\/pslzero6.net\/fr\/register\/#primaryimage"},"image":{"@id":"https:\/\/pslzero6.net\/fr\/register\/#primaryimage"},"thumbnailUrl":"https:\/\/pslzero6.net\/wp-content\/uploads\/2025\/03\/slide-2.jpg","datePublished":"2024-11-11T07:20:56+00:00","dateModified":"2025-11-27T12:31:49+00:00","description":"Scegli l'abbonamento su misura per te su PSL Zero6: vantaggi esclusivi e contenuti premium ti aspettano. Scopri di pi\u00f9!","breadcrumb":{"@id":"https:\/\/pslzero6.net\/fr\/register\/#breadcrumb"},"inLanguage":"fr-FR","potentialAction":[{"@type":"ReadAction","target":["https:\/\/pslzero6.net\/fr\/register\/"]}]},{"@type":"ImageObject","inLanguage":"fr-FR","@id":"https:\/\/pslzero6.net\/fr\/register\/#primaryimage","url":"https:\/\/pslzero6.net\/wp-content\/uploads\/2025\/03\/slide-2.jpg","contentUrl":"https:\/\/pslzero6.net\/wp-content\/uploads\/2025\/03\/slide-2.jpg","width":1920,"height":950},{"@type":"BreadcrumbList","@id":"https:\/\/pslzero6.net\/fr\/register\/#breadcrumb","itemListElement":[{"@type":"ListItem","position":1,"name":"Home","item":"https:\/\/pslzero6.net\/fr\/"},{"@type":"ListItem","position":2,"name":"Inscription"}]},{"@type":"WebSite","@id":"https:\/\/pslzero6.net\/#website","url":"https:\/\/pslzero6.net\/","name":"PSL Zero6","description":"","publisher":{"@id":"https:\/\/pslzero6.net\/#organization"},"potentialAction":[{"@type":"SearchAction","target":{"@type":"EntryPoint","urlTemplate":"https:\/\/pslzero6.net\/?s={search_term_string}"},"query-input":{"@type":"PropertyValueSpecification","valueRequired":true,"valueName":"search_term_string"}}],"inLanguage":"fr-FR"},{"@type":"Organization","@id":"https:\/\/pslzero6.net\/#organization","name":"PSL Zero6","url":"https:\/\/pslzero6.net\/","logo":{"@type":"ImageObject","inLanguage":"fr-FR","@id":"https:\/\/pslzero6.net\/#\/schema\/logo\/image\/","url":"https:\/\/pslzero6.net\/wp-content\/uploads\/2024\/10\/Logo-PSL-zerosei.png","contentUrl":"https:\/\/pslzero6.net\/wp-content\/uploads\/2024\/10\/Logo-PSL-zerosei.png","width":328,"height":152,"caption":"PSL Zero6"},"image":{"@id":"https:\/\/pslzero6.net\/#\/schema\/logo\/image\/"}}]}},"_links":{"self":[{"href":"https:\/\/pslzero6.net\/fr\/wp-json\/wp\/v2\/pages\/9134","targetHints":{"allow":["GET"]}}],"collection":[{"href":"https:\/\/pslzero6.net\/fr\/wp-json\/wp\/v2\/pages"}],"about":[{"href":"https:\/\/pslzero6.net\/fr\/wp-json\/wp\/v2\/types\/page"}],"author":[{"embeddable":true,"href":"https:\/\/pslzero6.net\/fr\/wp-json\/wp\/v2\/users\/1"}],"replies":[{"embeddable":true,"href":"https:\/\/pslzero6.net\/fr\/wp-json\/wp\/v2\/comments?post=9134"}],"version-history":[{"count":4,"href":"https:\/\/pslzero6.net\/fr\/wp-json\/wp\/v2\/pages\/9134\/revisions"}],"predecessor-version":[{"id":9159,"href":"https:\/\/pslzero6.net\/fr\/wp-json\/wp\/v2\/pages\/9134\/revisions\/9159"}],"wp:featuredmedia":[{"embeddable":true,"href":"https:\/\/pslzero6.net\/fr\/wp-json\/wp\/v2\/media\/9076"}],"wp:attachment":[{"href":"https:\/\/pslzero6.net\/fr\/wp-json\/wp\/v2\/media?parent=9134"}],"curies":[{"name":"wp","href":"https:\/\/api.w.org\/{rel}","templated":true}]}}