{"id":9099,"date":"2025-05-28T08:22:27","date_gmt":"2025-05-28T06:22:27","guid":{"rendered":"https:\/\/pslzero6.net\/credits-skillstool\/"},"modified":"2026-01-30T12:15:29","modified_gmt":"2026-01-30T11:15:29","slug":"credits-skillstool","status":"publish","type":"page","link":"https:\/\/pslzero6.net\/fr\/credits-skillstool\/","title":{"rendered":"Cr\u00e9dits &#8211; Skills Tool Zero6"},"content":{"rendered":"\t\t<div data-elementor-type=\"wp-page\" data-elementor-id=\"9099\" class=\"elementor elementor-9099 elementor-4417\" data-elementor-settings=\"{&quot;ha_cmc_init_switcher&quot;:&quot;no&quot;}\">\n\t\t\t\t<div class=\"elementor-element elementor-element-3274a5b e-flex e-con-boxed wpr-particle-no wpr-jarallax-no wpr-parallax-no wpr-sticky-section-no e-con e-parent\" data-id=\"3274a5b\" data-element_type=\"container\" data-settings=\"{&quot;_ha_eqh_enable&quot;:false}\">\n\t\t\t\t\t<div class=\"e-con-inner\">\n\t\t\t\t<div class=\"elementor-element elementor-element-bcac588 elementor-widget elementor-widget-shortcode\" data-id=\"bcac588\" data-element_type=\"widget\" data-widget_type=\"shortcode.default\">\n\t\t\t\t<div class=\"elementor-widget-container\">\n\t\t\t\t\t\t\t<div class=\"elementor-shortcode\"><span><span><a href=\"https:\/\/pslzero6.net\/fr\/\">Home<\/a><\/span><\/span><\/div>\n\t\t\t\t\t\t<\/div>\n\t\t\t\t<\/div>\n\t\t\t\t<div class=\"elementor-element elementor-element-c8ab408 elementor-widget elementor-widget-heading\" data-id=\"c8ab408\" data-element_type=\"widget\" data-widget_type=\"heading.default\">\n\t\t\t\t<div class=\"elementor-widget-container\">\n\t\t\t\t\t<h4 class=\"elementor-heading-title elementor-size-default\">Skills Tool Zero6<\/h4>\t\t\t\t<\/div>\n\t\t\t\t<\/div>\n\t\t\t\t<div class=\"elementor-element elementor-element-d122d74 elementor-widget elementor-widget-heading\" data-id=\"d122d74\" data-element_type=\"widget\" data-widget_type=\"heading.default\">\n\t\t\t\t<div class=\"elementor-widget-container\">\n\t\t\t\t\t<h2 class=\"elementor-heading-title elementor-size-default\">Cr\u00e9dits<\/h2>\t\t\t\t<\/div>\n\t\t\t\t<\/div>\n\t\t\t\t<div class=\"elementor-element elementor-element-f2fd83d elementor-widget elementor-widget-text-editor\" data-id=\"f2fd83d\" data-element_type=\"widget\" data-widget_type=\"text-editor.default\">\n\t\t\t\t<div class=\"elementor-widget-container\">\n\t\t\t\t\t\t\t\t\t<p>Le cadre de recherche et m\u00e9thodologique est le fruit d&rsquo;un travail d&rsquo;\u00e9tude et de recherche men\u00e9 par un groupe de travail, sous la direction scientifique de la professeure Susanna Mantovani.<\/p><p>Professeure honoraire \u00e0 l&rsquo;Universit\u00e9 de Milan-Bicocca, elle y a \u00e9galement occup\u00e9 le poste de vice-rectrice. Elle a enseign\u00e9 la p\u00e9dagogie g\u00e9n\u00e9rale et sociale. Tout au long de sa carri\u00e8re, elle a collabor\u00e9 avec l&rsquo;OCDE en tant que consultante scientifique sur des projets relatifs \u00e0 l&rsquo;\u00e9ducation de la petite enfance et a si\u00e9g\u00e9 \u00e0 de nombreuses commissions minist\u00e9rielles charg\u00e9es de l&rsquo;\u00e9laboration des politiques \u00e9ducatives italiennes.<\/p><p>L&rsquo;\u00e9quipe de recherche comprenait\u00a0:<\/p><ul><li><div role=\"presentation\"><strong>Susanna Mantovani (Universit\u00e9 de Milan-Bicocca)<\/strong><\/div><\/li><li><div role=\"presentation\"><strong>Gaia Banzi<\/strong> <strong>(docteure en sciences de l&rsquo;\u00e9ducation et de la communication et anthropologue)<\/strong><\/div><\/li><li><div role=\"presentation\"><strong>Piera Braga<\/strong> <strong>(Universit\u00e9 de Milan-Bicocca)<\/strong><\/div><\/li><li><strong><span role=\"presentation\">Sabrina Bonaccini<\/span><\/strong>, <strong><span role=\"presentation\">Paola Paglia<\/span><\/strong> et <strong><span role=\"presentation\">Chiara Cota<\/span><\/strong> du comit\u00e9 scientifique de Learning by Languages<\/li><li><strong><strong><span role=\"presentation\">Andrea Pagano et Marco Muzzana, membres de l&rsquo;\u00e9quipe scientifique d&rsquo;Educademi.<\/span><\/strong><\/strong><p>Learning by Languages \u200b\u200best une marque d&rsquo;excellence, n\u00e9e \u00e0 Reggio Emilia, d\u00e9di\u00e9e au d\u00e9veloppement de comp\u00e9tences p\u00e9dagogiques innovantes pour les enfants de 0 \u00e0 10 ans. Elle propose un syst\u00e8me de produits et de services pour une \u00e9ducation de qualit\u00e9. La directrice de l&rsquo;innovation et du d\u00e9veloppement est Sabrina Bonaccini, p\u00e9dagogue forte de plus de trente ans d&rsquo;exp\u00e9rience dans la planification, la formation, la recherche et l&rsquo;innovation p\u00e9dagogiques dans le domaine de la petite enfance.<\/p><p>Educademi est un organisme de formation continue pour les professionnels de l&rsquo;\u00e9ducation, sp\u00e9cialis\u00e9 dans la formation, l&rsquo;\u00e9dition et le conseil pour le syst\u00e8me \u00e9ducatif de la petite enfance. Il s&rsquo;agit d&rsquo;un r\u00e9seau de professeurs et de chercheurs issus des plus grandes universit\u00e9s italiennes, ainsi que des initiatives nationales les plus qualifi\u00e9es du secteur de l&rsquo;\u00e9ducation. Educademi est une marque qui regroupe les magazines Bambini, Infanzia et Edizioni Junior.<\/p><p>Ce groupe a d\u00e9fini le cadre th\u00e9orique et structur\u00e9 l&rsquo;outil, qui combine autoformation et apprentissage social.<\/p><p>Le cadre m\u00e9thodologique et les questionnaires d&rsquo;auto-\u00e9valuation Junior et Senior sont le fruit d&rsquo;une collaboration entre l&rsquo;\u00e9quipe de recherche de l&rsquo;Universit\u00e9 de Bicocca et le groupe de travail Educademi. S&rsquo;appuyant sur ce cadre d\u00e9j\u00e0 structur\u00e9, les questionnaires d&rsquo;\u00e9valuation \u00ab Enjeux actuels \u00bb et \u00ab P\u00e9dagogues \u00bb ont \u00e9t\u00e9 \u00e9labor\u00e9s par l&rsquo;\u00e9quipe \u00ab Apprendre par Learning by Languages \u00bb.<\/p><\/li><\/ul>\t\t\t\t\t\t\t\t<\/div>\n\t\t\t\t<\/div>\n\t\t\t\t\t<\/div>\n\t\t\t\t<\/div>\n\t\t\t\t<\/div>\n\t\t","protected":false},"excerpt":{"rendered":"<p>Skills Tool Zero6 Cr\u00e9dits Le cadre de recherche et m\u00e9thodologique est le fruit d&rsquo;un travail d&rsquo;\u00e9tude et de recherche men\u00e9 par un groupe de travail, sous la direction scientifique de la professeure Susanna Mantovani. Professeure honoraire \u00e0 l&rsquo;Universit\u00e9 de Milan-Bicocca, elle y a \u00e9galement occup\u00e9 le poste de vice-rectrice. Elle a enseign\u00e9 la p\u00e9dagogie g\u00e9n\u00e9rale et sociale. Tout au long de sa carri\u00e8re, elle a collabor\u00e9 avec l&rsquo;OCDE en tant que consultante scientifique sur des projets relatifs \u00e0 l&rsquo;\u00e9ducation de la petite enfance et a si\u00e9g\u00e9 \u00e0 de nombreuses commissions minist\u00e9rielles charg\u00e9es de l&rsquo;\u00e9laboration des politiques \u00e9ducatives italiennes. L&rsquo;\u00e9quipe de recherche comprenait\u00a0: Susanna Mantovani (Universit\u00e9 de Milan-Bicocca) Gaia Banzi (docteure en sciences de l&rsquo;\u00e9ducation et de la communication et anthropologue) Piera Braga (Universit\u00e9 de Milan-Bicocca) Sabrina Bonaccini, Paola Paglia et Chiara Cota du comit\u00e9 scientifique de Learning by Languages Andrea Pagano et Marco Muzzana, membres de l&rsquo;\u00e9quipe scientifique d&rsquo;Educademi. Learning by Languages \u200b\u200best une marque d&rsquo;excellence, n\u00e9e \u00e0 Reggio Emilia, d\u00e9di\u00e9e au d\u00e9veloppement de comp\u00e9tences p\u00e9dagogiques innovantes pour les enfants de 0 \u00e0 10 ans. Elle propose un syst\u00e8me de produits et de services pour une \u00e9ducation de qualit\u00e9. La directrice de l&rsquo;innovation et du d\u00e9veloppement est Sabrina Bonaccini, p\u00e9dagogue forte de plus de trente ans d&rsquo;exp\u00e9rience dans la planification, la formation, la recherche et l&rsquo;innovation p\u00e9dagogiques dans le domaine de la petite enfance. Educademi est un organisme de formation continue pour les professionnels de l&rsquo;\u00e9ducation, sp\u00e9cialis\u00e9 dans la formation, l&rsquo;\u00e9dition et le conseil pour le syst\u00e8me \u00e9ducatif de la petite enfance. Il s&rsquo;agit d&rsquo;un r\u00e9seau de professeurs et de chercheurs issus des plus grandes universit\u00e9s italiennes, ainsi que des initiatives nationales les plus qualifi\u00e9es du secteur de l&rsquo;\u00e9ducation. Educademi est une marque qui regroupe les magazines Bambini, Infanzia et Edizioni Junior. Ce groupe a d\u00e9fini le cadre th\u00e9orique et structur\u00e9 l&rsquo;outil, qui combine autoformation et apprentissage social. Le cadre m\u00e9thodologique et les questionnaires d&rsquo;auto-\u00e9valuation Junior et Senior sont le fruit d&rsquo;une collaboration entre l&rsquo;\u00e9quipe de recherche de l&rsquo;Universit\u00e9 de Bicocca et le groupe de travail Educademi. S&rsquo;appuyant sur ce cadre d\u00e9j\u00e0 structur\u00e9, les questionnaires d&rsquo;\u00e9valuation \u00ab Enjeux actuels \u00bb et \u00ab P\u00e9dagogues \u00bb ont \u00e9t\u00e9 \u00e9labor\u00e9s par l&rsquo;\u00e9quipe \u00ab Apprendre par Learning by Languages \u00bb.<\/p>\n","protected":false},"author":271,"featured_media":0,"parent":0,"menu_order":0,"comment_status":"closed","ping_status":"closed","template":"","meta":{"_acf_changed":false,"inline_featured_image":false,"footnotes":""},"class_list":["post-9099","page","type-page","status-publish","hentry"],"acf":[],"yoast_head":"<!-- This site is optimized with the Yoast SEO plugin v26.1.1 - https:\/\/yoast.com\/wordpress\/plugins\/seo\/ -->\n<title>Cr\u00e9dits - Skills Tool Zero6 - PSL Zero6<\/title>\n<meta name=\"robots\" content=\"index, follow, max-snippet:-1, max-image-preview:large, max-video-preview:-1\" \/>\n<link rel=\"canonical\" href=\"https:\/\/pslzero6.net\/credits-skillstool\/\" \/>\n<meta property=\"og:locale\" content=\"fr_FR\" \/>\n<meta property=\"og:type\" content=\"article\" \/>\n<meta property=\"og:title\" content=\"Cr\u00e9dits - Skills Tool Zero6 - PSL Zero6\" \/>\n<meta property=\"og:description\" content=\"Skills Tool Zero6 Cr\u00e9dits Le cadre de recherche et m\u00e9thodologique est le fruit d&rsquo;un travail d&rsquo;\u00e9tude et de recherche men\u00e9 par un groupe de travail, sous la direction scientifique de la professeure Susanna Mantovani. Professeure honoraire \u00e0 l&rsquo;Universit\u00e9 de Milan-Bicocca, elle y a \u00e9galement occup\u00e9 le poste de vice-rectrice. Elle a enseign\u00e9 la p\u00e9dagogie g\u00e9n\u00e9rale et sociale. Tout au long de sa carri\u00e8re, elle a collabor\u00e9 avec l&rsquo;OCDE en tant que consultante scientifique sur des projets relatifs \u00e0 l&rsquo;\u00e9ducation de la petite enfance et a si\u00e9g\u00e9 \u00e0 de nombreuses commissions minist\u00e9rielles charg\u00e9es de l&rsquo;\u00e9laboration des politiques \u00e9ducatives italiennes. L&rsquo;\u00e9quipe de recherche comprenait\u00a0: Susanna Mantovani (Universit\u00e9 de Milan-Bicocca) Gaia Banzi (docteure en sciences de l&rsquo;\u00e9ducation et de la communication et anthropologue) Piera Braga (Universit\u00e9 de Milan-Bicocca) Sabrina Bonaccini, Paola Paglia et Chiara Cota du comit\u00e9 scientifique de Learning by Languages Andrea Pagano et Marco Muzzana, membres de l&rsquo;\u00e9quipe scientifique d&rsquo;Educademi. Learning by Languages \u200b\u200best une marque d&rsquo;excellence, n\u00e9e \u00e0 Reggio Emilia, d\u00e9di\u00e9e au d\u00e9veloppement de comp\u00e9tences p\u00e9dagogiques innovantes pour les enfants de 0 \u00e0 10 ans. Elle propose un syst\u00e8me de produits et de services pour une \u00e9ducation de qualit\u00e9. La directrice de l&rsquo;innovation et du d\u00e9veloppement est Sabrina Bonaccini, p\u00e9dagogue forte de plus de trente ans d&rsquo;exp\u00e9rience dans la planification, la formation, la recherche et l&rsquo;innovation p\u00e9dagogiques dans le domaine de la petite enfance. Educademi est un organisme de formation continue pour les professionnels de l&rsquo;\u00e9ducation, sp\u00e9cialis\u00e9 dans la formation, l&rsquo;\u00e9dition et le conseil pour le syst\u00e8me \u00e9ducatif de la petite enfance. Il s&rsquo;agit d&rsquo;un r\u00e9seau de professeurs et de chercheurs issus des plus grandes universit\u00e9s italiennes, ainsi que des initiatives nationales les plus qualifi\u00e9es du secteur de l&rsquo;\u00e9ducation. Educademi est une marque qui regroupe les magazines Bambini, Infanzia et Edizioni Junior. Ce groupe a d\u00e9fini le cadre th\u00e9orique et structur\u00e9 l&rsquo;outil, qui combine autoformation et apprentissage social. Le cadre m\u00e9thodologique et les questionnaires d&rsquo;auto-\u00e9valuation Junior et Senior sont le fruit d&rsquo;une collaboration entre l&rsquo;\u00e9quipe de recherche de l&rsquo;Universit\u00e9 de Bicocca et le groupe de travail Educademi. S&rsquo;appuyant sur ce cadre d\u00e9j\u00e0 structur\u00e9, les questionnaires d&rsquo;\u00e9valuation \u00ab Enjeux actuels \u00bb et \u00ab P\u00e9dagogues \u00bb ont \u00e9t\u00e9 \u00e9labor\u00e9s par l&rsquo;\u00e9quipe \u00ab Apprendre par Learning by Languages \u00bb.\" \/>\n<meta property=\"og:url\" content=\"https:\/\/pslzero6.net\/credits-skillstool\/\" \/>\n<meta property=\"og:site_name\" content=\"PSL Zero6\" \/>\n<meta property=\"article:modified_time\" content=\"2026-01-30T11:15:29+00:00\" \/>\n<meta name=\"twitter:card\" content=\"summary_large_image\" \/>\n<meta name=\"twitter:label1\" content=\"Dur\u00e9e de lecture estim\u00e9e\" \/>\n\t<meta name=\"twitter:data1\" content=\"2 minutes\" \/>\n<script type=\"application\/ld+json\" class=\"yoast-schema-graph\">{\"@context\":\"https:\/\/schema.org\",\"@graph\":[{\"@type\":\"WebPage\",\"@id\":\"https:\/\/pslzero6.net\/credits-skillstool\/\",\"url\":\"https:\/\/pslzero6.net\/credits-skillstool\/\",\"name\":\"Cr\u00e9dits - Skills Tool Zero6 - PSL Zero6\",\"isPartOf\":{\"@id\":\"https:\/\/pslzero6.net\/#website\"},\"datePublished\":\"2025-05-28T06:22:27+00:00\",\"dateModified\":\"2026-01-30T11:15:29+00:00\",\"breadcrumb\":{\"@id\":\"https:\/\/pslzero6.net\/credits-skillstool\/#breadcrumb\"},\"inLanguage\":\"fr-FR\",\"potentialAction\":[{\"@type\":\"ReadAction\",\"target\":[\"https:\/\/pslzero6.net\/credits-skillstool\/\"]}]},{\"@type\":\"BreadcrumbList\",\"@id\":\"https:\/\/pslzero6.net\/credits-skillstool\/#breadcrumb\",\"itemListElement\":[{\"@type\":\"ListItem\",\"position\":1,\"name\":\"Home\",\"item\":\"https:\/\/pslzero6.net\/fr\/\"},{\"@type\":\"ListItem\",\"position\":2,\"name\":\"Cr\u00e9dits &#8211; Skills Tool Zero6\"}]},{\"@type\":\"WebSite\",\"@id\":\"https:\/\/pslzero6.net\/#website\",\"url\":\"https:\/\/pslzero6.net\/\",\"name\":\"PSL Zero6\",\"description\":\"\",\"publisher\":{\"@id\":\"https:\/\/pslzero6.net\/#organization\"},\"potentialAction\":[{\"@type\":\"SearchAction\",\"target\":{\"@type\":\"EntryPoint\",\"urlTemplate\":\"https:\/\/pslzero6.net\/?s={search_term_string}\"},\"query-input\":{\"@type\":\"PropertyValueSpecification\",\"valueRequired\":true,\"valueName\":\"search_term_string\"}}],\"inLanguage\":\"fr-FR\"},{\"@type\":\"Organization\",\"@id\":\"https:\/\/pslzero6.net\/#organization\",\"name\":\"PSL Zero6\",\"url\":\"https:\/\/pslzero6.net\/\",\"logo\":{\"@type\":\"ImageObject\",\"inLanguage\":\"fr-FR\",\"@id\":\"https:\/\/pslzero6.net\/#\/schema\/logo\/image\/\",\"url\":\"https:\/\/pslzero6.net\/wp-content\/uploads\/2024\/10\/Logo-PSL-zerosei.png\",\"contentUrl\":\"https:\/\/pslzero6.net\/wp-content\/uploads\/2024\/10\/Logo-PSL-zerosei.png\",\"width\":328,\"height\":152,\"caption\":\"PSL Zero6\"},\"image\":{\"@id\":\"https:\/\/pslzero6.net\/#\/schema\/logo\/image\/\"}}]}<\/script>\n<!-- \/ Yoast SEO plugin. -->","yoast_head_json":{"title":"Cr\u00e9dits - Skills Tool Zero6 - PSL Zero6","robots":{"index":"index","follow":"follow","max-snippet":"max-snippet:-1","max-image-preview":"max-image-preview:large","max-video-preview":"max-video-preview:-1"},"canonical":"https:\/\/pslzero6.net\/credits-skillstool\/","og_locale":"fr_FR","og_type":"article","og_title":"Cr\u00e9dits - Skills Tool Zero6 - PSL Zero6","og_description":"Skills Tool Zero6 Cr\u00e9dits Le cadre de recherche et m\u00e9thodologique est le fruit d&rsquo;un travail d&rsquo;\u00e9tude et de recherche men\u00e9 par un groupe de travail, sous la direction scientifique de la professeure Susanna Mantovani. Professeure honoraire \u00e0 l&rsquo;Universit\u00e9 de Milan-Bicocca, elle y a \u00e9galement occup\u00e9 le poste de vice-rectrice. Elle a enseign\u00e9 la p\u00e9dagogie g\u00e9n\u00e9rale et sociale. Tout au long de sa carri\u00e8re, elle a collabor\u00e9 avec l&rsquo;OCDE en tant que consultante scientifique sur des projets relatifs \u00e0 l&rsquo;\u00e9ducation de la petite enfance et a si\u00e9g\u00e9 \u00e0 de nombreuses commissions minist\u00e9rielles charg\u00e9es de l&rsquo;\u00e9laboration des politiques \u00e9ducatives italiennes. L&rsquo;\u00e9quipe de recherche comprenait\u00a0: Susanna Mantovani (Universit\u00e9 de Milan-Bicocca) Gaia Banzi (docteure en sciences de l&rsquo;\u00e9ducation et de la communication et anthropologue) Piera Braga (Universit\u00e9 de Milan-Bicocca) Sabrina Bonaccini, Paola Paglia et Chiara Cota du comit\u00e9 scientifique de Learning by Languages Andrea Pagano et Marco Muzzana, membres de l&rsquo;\u00e9quipe scientifique d&rsquo;Educademi. Learning by Languages \u200b\u200best une marque d&rsquo;excellence, n\u00e9e \u00e0 Reggio Emilia, d\u00e9di\u00e9e au d\u00e9veloppement de comp\u00e9tences p\u00e9dagogiques innovantes pour les enfants de 0 \u00e0 10 ans. Elle propose un syst\u00e8me de produits et de services pour une \u00e9ducation de qualit\u00e9. La directrice de l&rsquo;innovation et du d\u00e9veloppement est Sabrina Bonaccini, p\u00e9dagogue forte de plus de trente ans d&rsquo;exp\u00e9rience dans la planification, la formation, la recherche et l&rsquo;innovation p\u00e9dagogiques dans le domaine de la petite enfance. Educademi est un organisme de formation continue pour les professionnels de l&rsquo;\u00e9ducation, sp\u00e9cialis\u00e9 dans la formation, l&rsquo;\u00e9dition et le conseil pour le syst\u00e8me \u00e9ducatif de la petite enfance. Il s&rsquo;agit d&rsquo;un r\u00e9seau de professeurs et de chercheurs issus des plus grandes universit\u00e9s italiennes, ainsi que des initiatives nationales les plus qualifi\u00e9es du secteur de l&rsquo;\u00e9ducation. Educademi est une marque qui regroupe les magazines Bambini, Infanzia et Edizioni Junior. Ce groupe a d\u00e9fini le cadre th\u00e9orique et structur\u00e9 l&rsquo;outil, qui combine autoformation et apprentissage social. Le cadre m\u00e9thodologique et les questionnaires d&rsquo;auto-\u00e9valuation Junior et Senior sont le fruit d&rsquo;une collaboration entre l&rsquo;\u00e9quipe de recherche de l&rsquo;Universit\u00e9 de Bicocca et le groupe de travail Educademi. S&rsquo;appuyant sur ce cadre d\u00e9j\u00e0 structur\u00e9, les questionnaires d&rsquo;\u00e9valuation \u00ab Enjeux actuels \u00bb et \u00ab P\u00e9dagogues \u00bb ont \u00e9t\u00e9 \u00e9labor\u00e9s par l&rsquo;\u00e9quipe \u00ab Apprendre par Learning by Languages \u00bb.","og_url":"https:\/\/pslzero6.net\/credits-skillstool\/","og_site_name":"PSL Zero6","article_modified_time":"2026-01-30T11:15:29+00:00","twitter_card":"summary_large_image","twitter_misc":{"Dur\u00e9e de lecture estim\u00e9e":"2 minutes"},"schema":{"@context":"https:\/\/schema.org","@graph":[{"@type":"WebPage","@id":"https:\/\/pslzero6.net\/credits-skillstool\/","url":"https:\/\/pslzero6.net\/credits-skillstool\/","name":"Cr\u00e9dits - Skills Tool Zero6 - PSL Zero6","isPartOf":{"@id":"https:\/\/pslzero6.net\/#website"},"datePublished":"2025-05-28T06:22:27+00:00","dateModified":"2026-01-30T11:15:29+00:00","breadcrumb":{"@id":"https:\/\/pslzero6.net\/credits-skillstool\/#breadcrumb"},"inLanguage":"fr-FR","potentialAction":[{"@type":"ReadAction","target":["https:\/\/pslzero6.net\/credits-skillstool\/"]}]},{"@type":"BreadcrumbList","@id":"https:\/\/pslzero6.net\/credits-skillstool\/#breadcrumb","itemListElement":[{"@type":"ListItem","position":1,"name":"Home","item":"https:\/\/pslzero6.net\/fr\/"},{"@type":"ListItem","position":2,"name":"Cr\u00e9dits &#8211; Skills Tool Zero6"}]},{"@type":"WebSite","@id":"https:\/\/pslzero6.net\/#website","url":"https:\/\/pslzero6.net\/","name":"PSL Zero6","description":"","publisher":{"@id":"https:\/\/pslzero6.net\/#organization"},"potentialAction":[{"@type":"SearchAction","target":{"@type":"EntryPoint","urlTemplate":"https:\/\/pslzero6.net\/?s={search_term_string}"},"query-input":{"@type":"PropertyValueSpecification","valueRequired":true,"valueName":"search_term_string"}}],"inLanguage":"fr-FR"},{"@type":"Organization","@id":"https:\/\/pslzero6.net\/#organization","name":"PSL Zero6","url":"https:\/\/pslzero6.net\/","logo":{"@type":"ImageObject","inLanguage":"fr-FR","@id":"https:\/\/pslzero6.net\/#\/schema\/logo\/image\/","url":"https:\/\/pslzero6.net\/wp-content\/uploads\/2024\/10\/Logo-PSL-zerosei.png","contentUrl":"https:\/\/pslzero6.net\/wp-content\/uploads\/2024\/10\/Logo-PSL-zerosei.png","width":328,"height":152,"caption":"PSL Zero6"},"image":{"@id":"https:\/\/pslzero6.net\/#\/schema\/logo\/image\/"}}]}},"_links":{"self":[{"href":"https:\/\/pslzero6.net\/fr\/wp-json\/wp\/v2\/pages\/9099","targetHints":{"allow":["GET"]}}],"collection":[{"href":"https:\/\/pslzero6.net\/fr\/wp-json\/wp\/v2\/pages"}],"about":[{"href":"https:\/\/pslzero6.net\/fr\/wp-json\/wp\/v2\/types\/page"}],"author":[{"embeddable":true,"href":"https:\/\/pslzero6.net\/fr\/wp-json\/wp\/v2\/users\/271"}],"replies":[{"embeddable":true,"href":"https:\/\/pslzero6.net\/fr\/wp-json\/wp\/v2\/comments?post=9099"}],"version-history":[{"count":7,"href":"https:\/\/pslzero6.net\/fr\/wp-json\/wp\/v2\/pages\/9099\/revisions"}],"predecessor-version":[{"id":19262,"href":"https:\/\/pslzero6.net\/fr\/wp-json\/wp\/v2\/pages\/9099\/revisions\/19262"}],"wp:attachment":[{"href":"https:\/\/pslzero6.net\/fr\/wp-json\/wp\/v2\/media?parent=9099"}],"curies":[{"name":"wp","href":"https:\/\/api.w.org\/{rel}","templated":true}]}}