{"id":9036,"date":"2025-05-28T08:22:27","date_gmt":"2025-05-28T06:22:27","guid":{"rendered":"https:\/\/pslzero6.net\/credits-skillstool\/"},"modified":"2026-03-30T16:05:37","modified_gmt":"2026-03-30T14:05:37","slug":"credits-skillstool","status":"publish","type":"page","link":"https:\/\/pslzero6.net\/en\/credits-skillstool\/","title":{"rendered":"Credits &#8211; Skills Tool Zero6"},"content":{"rendered":"\t\t<div data-elementor-type=\"wp-page\" data-elementor-id=\"9036\" class=\"elementor elementor-9036 elementor-4417\" data-elementor-settings=\"{&quot;ha_cmc_init_switcher&quot;:&quot;no&quot;}\">\n\t\t\t\t<div class=\"elementor-element elementor-element-3274a5b e-flex e-con-boxed wpr-particle-no wpr-jarallax-no wpr-parallax-no wpr-sticky-section-no e-con e-parent\" data-id=\"3274a5b\" data-element_type=\"container\" data-settings=\"{&quot;_ha_eqh_enable&quot;:false}\">\n\t\t\t\t\t<div class=\"e-con-inner\">\n\t\t\t\t<div class=\"elementor-element elementor-element-bcac588 elementor-widget elementor-widget-shortcode\" data-id=\"bcac588\" data-element_type=\"widget\" data-widget_type=\"shortcode.default\">\n\t\t\t\t<div class=\"elementor-widget-container\">\n\t\t\t\t\t\t\t<div class=\"elementor-shortcode\"><span><span><a href=\"https:\/\/pslzero6.net\/en\/\">Home<\/a><\/span><\/span><\/div>\n\t\t\t\t\t\t<\/div>\n\t\t\t\t<\/div>\n\t\t\t\t<div class=\"elementor-element elementor-element-d122d74 elementor-widget elementor-widget-heading\" data-id=\"d122d74\" data-element_type=\"widget\" data-widget_type=\"heading.default\">\n\t\t\t\t<div class=\"elementor-widget-container\">\n\t\t\t\t\t<h2 class=\"elementor-heading-title elementor-size-default\">Credits - Skills Tool Zero6<\/h2>\t\t\t\t<\/div>\n\t\t\t\t<\/div>\n\t\t\t\t<div class=\"elementor-element elementor-element-f2fd83d elementor-widget elementor-widget-text-editor\" data-id=\"f2fd83d\" data-element_type=\"widget\" data-widget_type=\"text-editor.default\">\n\t\t\t\t<div class=\"elementor-widget-container\">\n\t\t\t\t\t\t\t\t\t<p>Il lavoro di ricerca e impianto metodologico \u00e8 frutto di un percorso di studio e ricerca condotto da un gruppo di lavoro, con la supervisione scientifica della professoressa <strong>Susanna Mantovani<\/strong>.<\/p><p>Professoressa Onoraria presso l&#8217;Universit\u00e0 degli Studi di Milano-Bicocca, dove ha ricoperto il ruolo di Pro-Rettore Vicario. La professoressa ha insegnato Pedagogia Generale e Sociale. Nel corso della sua carriera, ha collaborato con l&#8217;OCSE come consulente scientifica per progetti sull&#8217;educazione della prima infanzia ed \u00e8 stata membro di numerose commissioni ministeriali per la definizione delle politiche educative italiane.<\/p><p>Hanno\u00a0fatto\u00a0parte\u00a0del\u00a0team\u00a0di\u00a0ricerca:<\/p><ul><li><div role=\"presentation\"><strong>Susanna Mantovani (Universit\u00e0 Milano-Bicocca)<\/strong><\/div><\/li><li><div role=\"presentation\"><strong>Gaia Banzi<\/strong> <strong>(Ph.D.\u00a0in\u00a0<i>Scienze della formazione e della comunicazione<\/i>\u00a0e antropologa)<\/strong><\/div><\/li><li><div role=\"presentation\"><strong>Piera Braga<\/strong> <strong>(Universit\u00e0 Milano-Bicocca)<\/strong><\/div><\/li><li><strong><span role=\"presentation\">Sabrina Bonaccini<\/span><\/strong>,\u00a0<strong><span role=\"presentation\">Paola\u00a0Paglia<\/span><\/strong>\u00a0e\u00a0<strong><span role=\"presentation\">Chiara\u00a0Cota<\/span><\/strong>\u00a0del\u00a0team\u00a0<wbr \/>scientifico\u00a0del\u00a0Learning\u00a0by\u00a0<wbr \/>Languages<\/li><li><strong><span role=\"presentation\">Andrea Pagano<\/span><\/strong>\u00a0e\u00a0<span role=\"presentation\"><strong>Marco\u00a0Muzzana<\/strong>\u00a0<\/span>del\u00a0team\u00a0scientifico\u00a0di\u00a0<wbr \/>Educademi.<\/li><\/ul><p><strong>Learning by Languages<\/strong> \u00e8 il brand d&#8217;eccellenza, nato a Reggio Emilia, dedicato allo sviluppo di competenze all&#8217;avanguardia in ambito educativo per la fascia d&#8217;et\u00e0 0-10 anni, un sistema di prodotti e servizi per l&#8217;educazione di qualit\u00e0. Il Direttore Innovazione e Sviluppo \u00e8 Sabrina Bonaccini, pedagogista con oltre trent&#8217;anni di esperienza in progettazione educativa, formazione, ricerca e innovazione nei servizi per l&#8217;infanzia.<\/p><p><strong>Educademi<\/strong> \u00e8 un&#8217;agenzia per lo sviluppo delle professionalit\u00e0 educative, specializzata in formazione, editoria e consulenza rivolte al sistema dell&#8217;educazione e dell&#8217;istruzione infantile, un network costituito da docenti e ricercatori delle principali Universit\u00e0 italiane, oltre alle pi\u00f9 qualificate iniziative nazionali legate al settore educativo e scolastico. Educademi \u00e8 un marchio che racchiude la rivista Bambini, la rivista Infanzia, le Edizioni Junior.<\/p><p>Questo gruppo ha individuato la matrice teorica e ha impostato la struttura dello strumento, che ha un carattere sia auto-formativo che di apprendimento sociale.<\/p><p>L&#8217;impianto metodologico e i questionari di auto-valutazione Junior e Senior sono frutto della collaborazione tra il gruppo di ricercatori dell&#8217;Universit\u00e0 Bicocca con il gruppo di lavoro Educademi. Sulla base dell&#8217;impianto gi\u00e0 strutturato, i questionari di valutazione &#8220;Sfide del Presente&#8221; e &#8220;Pedagogisti&#8221; sono stati elaborati dal team Learning by Languages.<\/p>\t\t\t\t\t\t\t\t<\/div>\n\t\t\t\t<\/div>\n\t\t\t\t\t<\/div>\n\t\t\t\t<\/div>\n\t\t\t\t<\/div>\n\t\t","protected":false},"excerpt":{"rendered":"<p>Credits &#8211; Skills Tool Zero6 Il lavoro di ricerca e impianto metodologico \u00e8 frutto di un percorso di studio e ricerca condotto da un gruppo di lavoro, con la supervisione scientifica della professoressa Susanna Mantovani. Professoressa Onoraria presso l&#8217;Universit\u00e0 degli Studi di Milano-Bicocca, dove ha ricoperto il ruolo di Pro-Rettore Vicario. La professoressa ha insegnato Pedagogia Generale e Sociale. Nel corso della sua carriera, ha collaborato con l&#8217;OCSE come consulente scientifica per progetti sull&#8217;educazione della prima infanzia ed \u00e8 stata membro di numerose commissioni ministeriali per la definizione delle politiche educative italiane. Hanno\u00a0fatto\u00a0parte\u00a0del\u00a0team\u00a0di\u00a0ricerca: Susanna Mantovani (Universit\u00e0 Milano-Bicocca) Gaia Banzi (Ph.D.\u00a0in\u00a0Scienze della formazione e della comunicazione\u00a0e antropologa) Piera Braga (Universit\u00e0 Milano-Bicocca) Sabrina Bonaccini,\u00a0Paola\u00a0Paglia\u00a0e\u00a0Chiara\u00a0Cota\u00a0del\u00a0team\u00a0scientifico\u00a0del\u00a0Learning\u00a0by\u00a0Languages Andrea Pagano\u00a0e\u00a0Marco\u00a0Muzzana\u00a0del\u00a0team\u00a0scientifico\u00a0di\u00a0Educademi. Learning by Languages \u00e8 il brand d&#8217;eccellenza, nato a Reggio Emilia, dedicato allo sviluppo di competenze all&#8217;avanguardia in ambito educativo per la fascia d&#8217;et\u00e0 0-10 anni, un sistema di prodotti e servizi per l&#8217;educazione di qualit\u00e0. Il Direttore Innovazione e Sviluppo \u00e8 Sabrina Bonaccini, pedagogista con oltre trent&#8217;anni di esperienza in progettazione educativa, formazione, ricerca e innovazione nei servizi per l&#8217;infanzia. Educademi \u00e8 un&#8217;agenzia per lo sviluppo delle professionalit\u00e0 educative, specializzata in formazione, editoria e consulenza rivolte al sistema dell&#8217;educazione e dell&#8217;istruzione infantile, un network costituito da docenti e ricercatori delle principali Universit\u00e0 italiane, oltre alle pi\u00f9 qualificate iniziative nazionali legate al settore educativo e scolastico. Educademi \u00e8 un marchio che racchiude la rivista Bambini, la rivista Infanzia, le Edizioni Junior. Questo gruppo ha individuato la matrice teorica e ha impostato la struttura dello strumento, che ha un carattere sia auto-formativo che di apprendimento sociale. L&#8217;impianto metodologico e i questionari di auto-valutazione Junior e Senior sono frutto della collaborazione tra il gruppo di ricercatori dell&#8217;Universit\u00e0 Bicocca con il gruppo di lavoro Educademi. Sulla base dell&#8217;impianto gi\u00e0 strutturato, i questionari di valutazione &#8220;Sfide del Presente&#8221; e &#8220;Pedagogisti&#8221; sono stati elaborati dal team Learning by Languages.<\/p>\n","protected":false},"author":271,"featured_media":0,"parent":0,"menu_order":0,"comment_status":"closed","ping_status":"closed","template":"","meta":{"_acf_changed":false,"inline_featured_image":false,"footnotes":""},"class_list":["post-9036","page","type-page","status-publish","hentry"],"acf":[],"yoast_head":"<!-- This site is optimized with the Yoast SEO plugin v26.1.1 - https:\/\/yoast.com\/wordpress\/plugins\/seo\/ -->\n<title>Credits - Skills Tool Zero6 - PSL Zero6<\/title>\n<meta name=\"robots\" content=\"index, follow, max-snippet:-1, max-image-preview:large, max-video-preview:-1\" \/>\n<link rel=\"canonical\" href=\"https:\/\/pslzero6.net\/en\/credits-skillstool\/\" \/>\n<meta property=\"og:locale\" content=\"en_US\" \/>\n<meta property=\"og:type\" content=\"article\" \/>\n<meta property=\"og:title\" content=\"Credits - Skills Tool Zero6 - PSL Zero6\" \/>\n<meta property=\"og:description\" content=\"Credits &#8211; Skills Tool Zero6 Il lavoro di ricerca e impianto metodologico \u00e8 frutto di un percorso di studio e ricerca condotto da un gruppo di lavoro, con la supervisione scientifica della professoressa Susanna Mantovani. Professoressa Onoraria presso l&#8217;Universit\u00e0 degli Studi di Milano-Bicocca, dove ha ricoperto il ruolo di Pro-Rettore Vicario. La professoressa ha insegnato Pedagogia Generale e Sociale. Nel corso della sua carriera, ha collaborato con l&#8217;OCSE come consulente scientifica per progetti sull&#8217;educazione della prima infanzia ed \u00e8 stata membro di numerose commissioni ministeriali per la definizione delle politiche educative italiane. Hanno\u00a0fatto\u00a0parte\u00a0del\u00a0team\u00a0di\u00a0ricerca: Susanna Mantovani (Universit\u00e0 Milano-Bicocca) Gaia Banzi (Ph.D.\u00a0in\u00a0Scienze della formazione e della comunicazione\u00a0e antropologa) Piera Braga (Universit\u00e0 Milano-Bicocca) Sabrina Bonaccini,\u00a0Paola\u00a0Paglia\u00a0e\u00a0Chiara\u00a0Cota\u00a0del\u00a0team\u00a0scientifico\u00a0del\u00a0Learning\u00a0by\u00a0Languages Andrea Pagano\u00a0e\u00a0Marco\u00a0Muzzana\u00a0del\u00a0team\u00a0scientifico\u00a0di\u00a0Educademi. Learning by Languages \u00e8 il brand d&#8217;eccellenza, nato a Reggio Emilia, dedicato allo sviluppo di competenze all&#8217;avanguardia in ambito educativo per la fascia d&#8217;et\u00e0 0-10 anni, un sistema di prodotti e servizi per l&#8217;educazione di qualit\u00e0. Il Direttore Innovazione e Sviluppo \u00e8 Sabrina Bonaccini, pedagogista con oltre trent&#8217;anni di esperienza in progettazione educativa, formazione, ricerca e innovazione nei servizi per l&#8217;infanzia. Educademi \u00e8 un&#8217;agenzia per lo sviluppo delle professionalit\u00e0 educative, specializzata in formazione, editoria e consulenza rivolte al sistema dell&#8217;educazione e dell&#8217;istruzione infantile, un network costituito da docenti e ricercatori delle principali Universit\u00e0 italiane, oltre alle pi\u00f9 qualificate iniziative nazionali legate al settore educativo e scolastico. Educademi \u00e8 un marchio che racchiude la rivista Bambini, la rivista Infanzia, le Edizioni Junior. Questo gruppo ha individuato la matrice teorica e ha impostato la struttura dello strumento, che ha un carattere sia auto-formativo che di apprendimento sociale. L&#8217;impianto metodologico e i questionari di auto-valutazione Junior e Senior sono frutto della collaborazione tra il gruppo di ricercatori dell&#8217;Universit\u00e0 Bicocca con il gruppo di lavoro Educademi. Sulla base dell&#8217;impianto gi\u00e0 strutturato, i questionari di valutazione &#8220;Sfide del Presente&#8221; e &#8220;Pedagogisti&#8221; sono stati elaborati dal team Learning by Languages.\" \/>\n<meta property=\"og:url\" content=\"https:\/\/pslzero6.net\/en\/credits-skillstool\/\" \/>\n<meta property=\"og:site_name\" content=\"PSL Zero6\" \/>\n<meta property=\"article:modified_time\" content=\"2026-03-30T14:05:37+00:00\" \/>\n<meta name=\"twitter:card\" content=\"summary_large_image\" \/>\n<meta name=\"twitter:label1\" content=\"Est. reading time\" \/>\n\t<meta name=\"twitter:data1\" content=\"2 minutes\" \/>\n<script type=\"application\/ld+json\" class=\"yoast-schema-graph\">{\"@context\":\"https:\/\/schema.org\",\"@graph\":[{\"@type\":\"WebPage\",\"@id\":\"https:\/\/pslzero6.net\/en\/credits-skillstool\/\",\"url\":\"https:\/\/pslzero6.net\/en\/credits-skillstool\/\",\"name\":\"Credits - Skills Tool Zero6 - PSL Zero6\",\"isPartOf\":{\"@id\":\"https:\/\/pslzero6.net\/#website\"},\"datePublished\":\"2025-05-28T06:22:27+00:00\",\"dateModified\":\"2026-03-30T14:05:37+00:00\",\"breadcrumb\":{\"@id\":\"https:\/\/pslzero6.net\/en\/credits-skillstool\/#breadcrumb\"},\"inLanguage\":\"en-US\",\"potentialAction\":[{\"@type\":\"ReadAction\",\"target\":[\"https:\/\/pslzero6.net\/en\/credits-skillstool\/\"]}]},{\"@type\":\"BreadcrumbList\",\"@id\":\"https:\/\/pslzero6.net\/en\/credits-skillstool\/#breadcrumb\",\"itemListElement\":[{\"@type\":\"ListItem\",\"position\":1,\"name\":\"Home\",\"item\":\"https:\/\/pslzero6.net\/en\/\"},{\"@type\":\"ListItem\",\"position\":2,\"name\":\"Credits &#8211; Skills Tool Zero6\"}]},{\"@type\":\"WebSite\",\"@id\":\"https:\/\/pslzero6.net\/#website\",\"url\":\"https:\/\/pslzero6.net\/\",\"name\":\"PSL Zero6\",\"description\":\"\",\"publisher\":{\"@id\":\"https:\/\/pslzero6.net\/#organization\"},\"potentialAction\":[{\"@type\":\"SearchAction\",\"target\":{\"@type\":\"EntryPoint\",\"urlTemplate\":\"https:\/\/pslzero6.net\/?s={search_term_string}\"},\"query-input\":{\"@type\":\"PropertyValueSpecification\",\"valueRequired\":true,\"valueName\":\"search_term_string\"}}],\"inLanguage\":\"en-US\"},{\"@type\":\"Organization\",\"@id\":\"https:\/\/pslzero6.net\/#organization\",\"name\":\"PSL Zero6\",\"url\":\"https:\/\/pslzero6.net\/\",\"logo\":{\"@type\":\"ImageObject\",\"inLanguage\":\"en-US\",\"@id\":\"https:\/\/pslzero6.net\/#\/schema\/logo\/image\/\",\"url\":\"https:\/\/pslzero6.net\/wp-content\/uploads\/2024\/10\/Logo-PSL-zerosei.png\",\"contentUrl\":\"https:\/\/pslzero6.net\/wp-content\/uploads\/2024\/10\/Logo-PSL-zerosei.png\",\"width\":328,\"height\":152,\"caption\":\"PSL Zero6\"},\"image\":{\"@id\":\"https:\/\/pslzero6.net\/#\/schema\/logo\/image\/\"}}]}<\/script>\n<!-- \/ Yoast SEO plugin. -->","yoast_head_json":{"title":"Credits - Skills Tool Zero6 - PSL Zero6","robots":{"index":"index","follow":"follow","max-snippet":"max-snippet:-1","max-image-preview":"max-image-preview:large","max-video-preview":"max-video-preview:-1"},"canonical":"https:\/\/pslzero6.net\/en\/credits-skillstool\/","og_locale":"en_US","og_type":"article","og_title":"Credits - Skills Tool Zero6 - PSL Zero6","og_description":"Credits &#8211; Skills Tool Zero6 Il lavoro di ricerca e impianto metodologico \u00e8 frutto di un percorso di studio e ricerca condotto da un gruppo di lavoro, con la supervisione scientifica della professoressa Susanna Mantovani. Professoressa Onoraria presso l&#8217;Universit\u00e0 degli Studi di Milano-Bicocca, dove ha ricoperto il ruolo di Pro-Rettore Vicario. La professoressa ha insegnato Pedagogia Generale e Sociale. Nel corso della sua carriera, ha collaborato con l&#8217;OCSE come consulente scientifica per progetti sull&#8217;educazione della prima infanzia ed \u00e8 stata membro di numerose commissioni ministeriali per la definizione delle politiche educative italiane. Hanno\u00a0fatto\u00a0parte\u00a0del\u00a0team\u00a0di\u00a0ricerca: Susanna Mantovani (Universit\u00e0 Milano-Bicocca) Gaia Banzi (Ph.D.\u00a0in\u00a0Scienze della formazione e della comunicazione\u00a0e antropologa) Piera Braga (Universit\u00e0 Milano-Bicocca) Sabrina Bonaccini,\u00a0Paola\u00a0Paglia\u00a0e\u00a0Chiara\u00a0Cota\u00a0del\u00a0team\u00a0scientifico\u00a0del\u00a0Learning\u00a0by\u00a0Languages Andrea Pagano\u00a0e\u00a0Marco\u00a0Muzzana\u00a0del\u00a0team\u00a0scientifico\u00a0di\u00a0Educademi. Learning by Languages \u00e8 il brand d&#8217;eccellenza, nato a Reggio Emilia, dedicato allo sviluppo di competenze all&#8217;avanguardia in ambito educativo per la fascia d&#8217;et\u00e0 0-10 anni, un sistema di prodotti e servizi per l&#8217;educazione di qualit\u00e0. Il Direttore Innovazione e Sviluppo \u00e8 Sabrina Bonaccini, pedagogista con oltre trent&#8217;anni di esperienza in progettazione educativa, formazione, ricerca e innovazione nei servizi per l&#8217;infanzia. Educademi \u00e8 un&#8217;agenzia per lo sviluppo delle professionalit\u00e0 educative, specializzata in formazione, editoria e consulenza rivolte al sistema dell&#8217;educazione e dell&#8217;istruzione infantile, un network costituito da docenti e ricercatori delle principali Universit\u00e0 italiane, oltre alle pi\u00f9 qualificate iniziative nazionali legate al settore educativo e scolastico. Educademi \u00e8 un marchio che racchiude la rivista Bambini, la rivista Infanzia, le Edizioni Junior. Questo gruppo ha individuato la matrice teorica e ha impostato la struttura dello strumento, che ha un carattere sia auto-formativo che di apprendimento sociale. L&#8217;impianto metodologico e i questionari di auto-valutazione Junior e Senior sono frutto della collaborazione tra il gruppo di ricercatori dell&#8217;Universit\u00e0 Bicocca con il gruppo di lavoro Educademi. Sulla base dell&#8217;impianto gi\u00e0 strutturato, i questionari di valutazione &#8220;Sfide del Presente&#8221; e &#8220;Pedagogisti&#8221; sono stati elaborati dal team Learning by Languages.","og_url":"https:\/\/pslzero6.net\/en\/credits-skillstool\/","og_site_name":"PSL Zero6","article_modified_time":"2026-03-30T14:05:37+00:00","twitter_card":"summary_large_image","twitter_misc":{"Est. reading time":"2 minutes"},"schema":{"@context":"https:\/\/schema.org","@graph":[{"@type":"WebPage","@id":"https:\/\/pslzero6.net\/en\/credits-skillstool\/","url":"https:\/\/pslzero6.net\/en\/credits-skillstool\/","name":"Credits - Skills Tool Zero6 - PSL Zero6","isPartOf":{"@id":"https:\/\/pslzero6.net\/#website"},"datePublished":"2025-05-28T06:22:27+00:00","dateModified":"2026-03-30T14:05:37+00:00","breadcrumb":{"@id":"https:\/\/pslzero6.net\/en\/credits-skillstool\/#breadcrumb"},"inLanguage":"en-US","potentialAction":[{"@type":"ReadAction","target":["https:\/\/pslzero6.net\/en\/credits-skillstool\/"]}]},{"@type":"BreadcrumbList","@id":"https:\/\/pslzero6.net\/en\/credits-skillstool\/#breadcrumb","itemListElement":[{"@type":"ListItem","position":1,"name":"Home","item":"https:\/\/pslzero6.net\/en\/"},{"@type":"ListItem","position":2,"name":"Credits &#8211; Skills Tool Zero6"}]},{"@type":"WebSite","@id":"https:\/\/pslzero6.net\/#website","url":"https:\/\/pslzero6.net\/","name":"PSL Zero6","description":"","publisher":{"@id":"https:\/\/pslzero6.net\/#organization"},"potentialAction":[{"@type":"SearchAction","target":{"@type":"EntryPoint","urlTemplate":"https:\/\/pslzero6.net\/?s={search_term_string}"},"query-input":{"@type":"PropertyValueSpecification","valueRequired":true,"valueName":"search_term_string"}}],"inLanguage":"en-US"},{"@type":"Organization","@id":"https:\/\/pslzero6.net\/#organization","name":"PSL Zero6","url":"https:\/\/pslzero6.net\/","logo":{"@type":"ImageObject","inLanguage":"en-US","@id":"https:\/\/pslzero6.net\/#\/schema\/logo\/image\/","url":"https:\/\/pslzero6.net\/wp-content\/uploads\/2024\/10\/Logo-PSL-zerosei.png","contentUrl":"https:\/\/pslzero6.net\/wp-content\/uploads\/2024\/10\/Logo-PSL-zerosei.png","width":328,"height":152,"caption":"PSL Zero6"},"image":{"@id":"https:\/\/pslzero6.net\/#\/schema\/logo\/image\/"}}]}},"_links":{"self":[{"href":"https:\/\/pslzero6.net\/en\/wp-json\/wp\/v2\/pages\/9036","targetHints":{"allow":["GET"]}}],"collection":[{"href":"https:\/\/pslzero6.net\/en\/wp-json\/wp\/v2\/pages"}],"about":[{"href":"https:\/\/pslzero6.net\/en\/wp-json\/wp\/v2\/types\/page"}],"author":[{"embeddable":true,"href":"https:\/\/pslzero6.net\/en\/wp-json\/wp\/v2\/users\/271"}],"replies":[{"embeddable":true,"href":"https:\/\/pslzero6.net\/en\/wp-json\/wp\/v2\/comments?post=9036"}],"version-history":[{"count":6,"href":"https:\/\/pslzero6.net\/en\/wp-json\/wp\/v2\/pages\/9036\/revisions"}],"predecessor-version":[{"id":19675,"href":"https:\/\/pslzero6.net\/en\/wp-json\/wp\/v2\/pages\/9036\/revisions\/19675"}],"wp:attachment":[{"href":"https:\/\/pslzero6.net\/en\/wp-json\/wp\/v2\/media?parent=9036"}],"curies":[{"name":"wp","href":"https:\/\/api.w.org\/{rel}","templated":true}]}}